{"id":127,"date":"2025-10-13T17:44:41","date_gmt":"2025-10-13T16:44:41","guid":{"rendered":"https:\/\/www.rezeau.org\/wp-h5p\/\/?page_id=127"},"modified":"2025-10-25T17:59:30","modified_gmt":"2025-10-25T15:59:30","slug":"bienvenue-explications","status":"publish","type":"page","link":"https:\/\/www.rezeau.org\/wp-h5p\/fr\/bienvenue-explications\/","title":{"rendered":"Bienvenue &amp; explications"},"content":{"rendered":"\n<p><strong>C<\/strong>e site h\u00e9berge les activit\u00e9s H5P en version &#8216;papi Jo&#8217;. Les activit\u00e9s &#8216;papi Jo&#8217; sont des forks des activit\u00e9s officielles H5P que l&#8217;on trouve sur <a href=\"https:\/\/h5p.org\/\" target=\"_blank\" rel=\"noreferrer noopener\">le site H5P<\/a>. Veuillez signaler toute d\u00e9couverte de bogue, etc. par courriel \u00e0&nbsp;<a href=\"mailto:h5p@rezeau.org\">h5p@rezeau.org<\/a><\/p>\n\n\n\n<p>Dans chacune des sections ci-dessous, vous trouverez les \u00e9l\u00e9ments suivants :<\/p>\n\n\n\n<ul class=\"wp-block-list\">\n<li>Une page de documentation d\u00e9taill\u00e9e de l&#8217;activit\u00e9 H5P &#8216;papi Jo&#8217;.<\/li>\n\n\n\n<li>Un mod\u00e8le d&#8217;activit\u00e9 H5P que vous pouvez t\u00e9l\u00e9charger et installer sur votre propre site pour pouvoir utiliser l&#8217;activit\u00e9 H5P &#8216;papi Jo&#8217;.<\/li>\n\n\n\n<li>Une activit\u00e9 H5P Interactive Book (non t\u00e9l\u00e9chargeable) contenant de nombreux exemples illustrant les particularit\u00e9s de l&#8217;activit\u00e9 H5P &#8216;papi Jo&#8217;.<\/li>\n\n\n\n<li>Un certain nombre d&#8217;autres exemples (g\u00e9n\u00e9ralement non t\u00e9l\u00e9chargeables).<\/li>\n\n\n\n<li><em>Un certain nombre de textes de documentation, d&#8217;exemples et de mod\u00e8les (Template) ne sont disponibles qu&#8217;en anglais. Toutefois si vous installez un Template en anglais sur votre site, vous pourrez basculer vers la version en fran\u00e7ais tant pour le mode auteur\/\u00e9dition que pour le mode \u00e9l\u00e8ve.<\/em><\/li>\n<\/ul>\n\n\n\n<h3 class=\"wp-block-heading\"><em>Instructions pour installer les versions &#8216;papi Jo&#8217; des activit\u00e9s <\/em>H5P<\/h3>\n\n\n\n<p>Les&nbsp;<strong>mod\u00e8les <\/strong>de contenu sont les fichiers h5p \u00e0 t\u00e9l\u00e9charger sur votre ordinateur puis sur votre propre site web (plate-forme Drupal, Moodle ou WordPress) afin d&#8217;y installer les biblioth\u00e8ques &#8220;papi Jo&#8221;.<\/p>\n\n\n\n<p>Cliquez sur le bouton <strong>Reuse \/ R\u00e9utiliser<\/strong> situ\u00e9 au bas de chaque Mod\u00e8le. Cliquez ensuite sur le lien <strong>Download as an .h5p file \/ T\u00e9l\u00e9charger sous forme de fichier.h5p <\/strong>pour t\u00e9l\u00e9charger ce contenu sur votre ordinateur. Prenez note du nom du fichier, quelque chose comme interactive-content-71.h5p.<\/p>\n\n\n\n<p>Rendez-vous ensuite sur votre propre site web (plate-forme Drupal, Moodle ou WordPress) o\u00f9 vous avez d\u00e9j\u00e0 install\u00e9 le plugin H5P, bien s\u00fbr.<\/p>\n\n\n\n<p>Allez dans Cr\u00e9er un nouveau contenu H5P, et, en haut de la liste des contenus disponibles, au lieu de cliquer sur le bouton par d\u00e9faut Cr\u00e9er une activit\u00e9, cliquez sur le bouton T\u00e9l\u00e9verser. Parcourez votre ordinateur pour trouver le fichier mod\u00e8le H5P que vous venez d&#8217;enregistrer, cliquez sur Utiliser. Si tout se passe bien, vous devriez voir le contenu du fichier mod\u00e8le. Vous pouvez \u00e9galement voir un message &#8220;x biblioth\u00e8ques mises \u00e0 jour&#8221;. Enregistrez et visualisez le fichier mod\u00e8le.<\/p>\n\n\n\n<p>Vous pouvez ensuite le supprimer, vous \u00eates par\u00e9 pour cr\u00e9er votre propre contenu en s\u00e9lectionnant l&#8217;activit\u00e9 &#8216;xxx papi Jo&#8217; dans la liste des contenus disponibles.<\/p>\n\n\n\n<figure class=\"wp-block-table\"><table class=\"has-fixed-layout\"><tbody><tr><td><strong>Attention <\/strong>&#8211; Les biblioth\u00e8ques papi Jo H5P ne sont <em>pas <\/em>officielles, elles ne sont <em>pas<\/em> support\u00e9es par l&#8217;\u00e9quipe H5P. Installez-les sur un site d&#8217;essai et testez-les soigneusement avant de les installer sur un site de production. Il n&#8217;y a <em>aucune garantie de mises \u00e0 jour futures ni de support<\/em>. Cependant, je ferai de mon mieux pour r\u00e9pondre aux questions post\u00e9es \u00e0 <a href=\"mailto:h5p@rezeau.org\">h5p@rezeau.org<\/a>. Installation aux risques et p\u00e9rils de l&#8217;utilisateur !<\/td><\/tr><\/tbody><\/table><\/figure>\n\n\n\n<p><\/p>\n","protected":false},"excerpt":{"rendered":"<p>Ce site h\u00e9berge les activit\u00e9s H5P en version &#8216;papi Jo&#8217;. Les activit\u00e9s &#8216;papi Jo&#8217; sont des forks des activit\u00e9s officielles H5P que l&#8217;on trouve sur le site H5P. Veuillez signaler toute d\u00e9couverte de bogue, etc. par courriel \u00e0&nbsp;h5p@rezeau.org Dans chacune des sections ci-dessous, vous trouverez les \u00e9l\u00e9ments suivants : Instructions pour installer les versions &#8216;papi&hellip;<\/p>\n","protected":false},"author":1,"featured_media":0,"parent":0,"menu_order":0,"comment_status":"closed","ping_status":"closed","template":"","meta":{"footnotes":""},"categories":[60],"tags":[],"class_list":["post-127","page","type-page","status-publish","hentry","category-librairies-papi-jo"],"_links":{"self":[{"href":"https:\/\/www.rezeau.org\/wp-h5p\/wp-json\/wp\/v2\/pages\/127","targetHints":{"allow":["GET"]}}],"collection":[{"href":"https:\/\/www.rezeau.org\/wp-h5p\/wp-json\/wp\/v2\/pages"}],"about":[{"href":"https:\/\/www.rezeau.org\/wp-h5p\/wp-json\/wp\/v2\/types\/page"}],"author":[{"embeddable":true,"href":"https:\/\/www.rezeau.org\/wp-h5p\/wp-json\/wp\/v2\/users\/1"}],"replies":[{"embeddable":true,"href":"https:\/\/www.rezeau.org\/wp-h5p\/wp-json\/wp\/v2\/comments?post=127"}],"version-history":[{"count":4,"href":"https:\/\/www.rezeau.org\/wp-h5p\/wp-json\/wp\/v2\/pages\/127\/revisions"}],"predecessor-version":[{"id":654,"href":"https:\/\/www.rezeau.org\/wp-h5p\/wp-json\/wp\/v2\/pages\/127\/revisions\/654"}],"wp:attachment":[{"href":"https:\/\/www.rezeau.org\/wp-h5p\/wp-json\/wp\/v2\/media?parent=127"}],"wp:term":[{"taxonomy":"category","embeddable":true,"href":"https:\/\/www.rezeau.org\/wp-h5p\/wp-json\/wp\/v2\/categories?post=127"},{"taxonomy":"post_tag","embeddable":true,"href":"https:\/\/www.rezeau.org\/wp-h5p\/wp-json\/wp\/v2\/tags?post=127"}],"curies":[{"name":"wp","href":"https:\/\/api.w.org\/{rel}","templated":true}]}}