{"id":15,"date":"2025-10-11T17:49:38","date_gmt":"2025-10-11T16:49:38","guid":{"rendered":"https:\/\/www.rezeau.org\/wp-h5p\/\/?page_id=15"},"modified":"2025-10-23T23:05:52","modified_gmt":"2025-10-23T21:05:52","slug":"home-page-francais","status":"publish","type":"page","link":"https:\/\/www.rezeau.org\/wp-h5p\/fr\/home-page-francais\/","title":{"rendered":"Accueil"},"content":{"rendered":"\n<h2 class=\"wp-block-heading\">H5P \u00ab papi Jo \u00bb<\/h2>\n\n\n\n<p>Contient les activit\u00e9s\/biblioth\u00e8ques H5P \u00ab papi Jo \u00bb.<\/p>\n\n\n\n<h2 class=\"wp-block-heading\">English in Art History<\/h2>\n\n\n\n<p>Ce cours est une version remani\u00e9e du cours original que j&#8217;ai cr\u00e9\u00e9 et dispens\u00e9 \u00e0 mes \u00e9tudiants en histoire de l&#8217;art entre 1995 et 2010 \u00e0 l&#8217;universit\u00e9 Rennes 2. Il a \u00e9t\u00e9 initialement con\u00e7u \u00e0 l&#8217;aide du langage de cr\u00e9ation ToolBook, aujourd&#8217;hui abandonn\u00e9, puis remani\u00e9 principalement \u00e0 l&#8217;aide d&#8217;activit\u00e9s H5P personnalis\u00e9es. Il vise \u00e0 illustrer de mani\u00e8re concr\u00e8te toutes les biblioth\u00e8ques \u00ab papi Jo \u00bb.<br>NOTE.- Ce cours est enti\u00e8rement en anglais. Cliquez sur le lien en haut \u00e0 droite pour Basculer en anglais.<\/p>\n\n\n\n<div style=\"height:339px\" aria-hidden=\"true\" class=\"wp-block-spacer\"><\/div>\n","protected":false},"excerpt":{"rendered":"<p>H5P \u00ab papi Jo \u00bb Contient les activit\u00e9s\/biblioth\u00e8ques H5P \u00ab papi Jo \u00bb. English in Art History Ce cours est une version remani\u00e9e du cours original que j&#8217;ai cr\u00e9\u00e9 et dispens\u00e9 \u00e0 mes \u00e9tudiants en histoire de l&#8217;art entre 1995 et 2010 \u00e0 l&#8217;universit\u00e9 Rennes 2. Il a \u00e9t\u00e9 initialement con\u00e7u \u00e0 l&#8217;aide du langage&hellip;<\/p>\n","protected":false},"author":1,"featured_media":0,"parent":0,"menu_order":0,"comment_status":"closed","ping_status":"closed","template":"","meta":{"footnotes":""},"categories":[],"tags":[],"class_list":["post-15","page","type-page","status-publish","hentry"],"_links":{"self":[{"href":"https:\/\/www.rezeau.org\/wp-h5p\/wp-json\/wp\/v2\/pages\/15","targetHints":{"allow":["GET"]}}],"collection":[{"href":"https:\/\/www.rezeau.org\/wp-h5p\/wp-json\/wp\/v2\/pages"}],"about":[{"href":"https:\/\/www.rezeau.org\/wp-h5p\/wp-json\/wp\/v2\/types\/page"}],"author":[{"embeddable":true,"href":"https:\/\/www.rezeau.org\/wp-h5p\/wp-json\/wp\/v2\/users\/1"}],"replies":[{"embeddable":true,"href":"https:\/\/www.rezeau.org\/wp-h5p\/wp-json\/wp\/v2\/comments?post=15"}],"version-history":[{"count":7,"href":"https:\/\/www.rezeau.org\/wp-h5p\/wp-json\/wp\/v2\/pages\/15\/revisions"}],"predecessor-version":[{"id":510,"href":"https:\/\/www.rezeau.org\/wp-h5p\/wp-json\/wp\/v2\/pages\/15\/revisions\/510"}],"wp:attachment":[{"href":"https:\/\/www.rezeau.org\/wp-h5p\/wp-json\/wp\/v2\/media?parent=15"}],"wp:term":[{"taxonomy":"category","embeddable":true,"href":"https:\/\/www.rezeau.org\/wp-h5p\/wp-json\/wp\/v2\/categories?post=15"},{"taxonomy":"post_tag","embeddable":true,"href":"https:\/\/www.rezeau.org\/wp-h5p\/wp-json\/wp\/v2\/tags?post=15"}],"curies":[{"name":"wp","href":"https:\/\/api.w.org\/{rel}","templated":true}]}}