{"id":366,"date":"2025-10-22T23:12:16","date_gmt":"2025-10-22T21:12:16","guid":{"rendered":"https:\/\/www.rezeau.org\/wp-h5p\/?page_id=366"},"modified":"2025-10-22T23:12:17","modified_gmt":"2025-10-22T21:12:17","slug":"mmc-documentation-2","status":"publish","type":"page","link":"https:\/\/www.rezeau.org\/wp-h5p\/fr\/mmc-documentation-2\/","title":{"rendered":"MMC Documentation"},"content":{"rendered":"\n<p>L&#8217;activit\u00e9 &#8220;H5P Multimedia Choice &#8216;papi Jo'&#8221; ajoute quelques nouvelles fonctionnalit\u00e9s \u00e0 l&#8217;activit\u00e9 standard H5P Multimedia Choice que l&#8217;on trouve sur le site H5P \u00e0 l&#8217;adresse Multimedia Choice.<\/p>\n\n\n\n<h4 class=\"wp-block-heading\">Ordre d&#8217;affichage al\u00e9atoire des images<\/h4>\n\n\n\n<p>Si cette option est coch\u00e9e (dans les param\u00e8tres comportementaux), l&#8217;ordre d&#8217;affichage des images sur l&#8217;\u00e9cran d&#8217;ouverture est modifi\u00e9.<\/p>\n\n\n\n<h4 class=\"wp-block-heading\">Texte de l\u00e9gende\/Feedback<\/h4>\n\n\n\n<p>Pour chaque image que vous ajoutez en tant qu&#8217;option dans cette activit\u00e9 H5P, une nouvelle option est disponible, juste apr\u00e8s le champ de texte du survol. L&#8217;ajout d&#8217;un texte de l\u00e9gende \u00e0 chaque image permet \u00e0 l&#8217;\u00e9tudiant\/utilisateur final de b\u00e9n\u00e9ficier d&#8217;une sorte de feedback, afin de renforcer l&#8217;impact de ses choix.<\/p>\n\n\n\n<h5 class=\"wp-block-heading\">Lorsqu&#8217;un texte de l\u00e9gende a \u00e9t\u00e9 saisi pour les images, il s&#8217;affiche :<\/h5>\n\n\n\n<ul class=\"wp-block-list\">\n<li>pour les images qui ont \u00e9t\u00e9 correctement devin\u00e9es (m\u00eame si le score maximum n&#8217;a pas \u00e9t\u00e9 atteint)<\/li>\n\n\n\n<li>pour les images qui ont \u00e9t\u00e9 correctement non s\u00e9lectionn\u00e9es (uniquement lorsque le score maximum a \u00e9t\u00e9 atteint).<br>Les textes de l\u00e9gende et les images Options de rapport hauteur\/largeur<\/li>\n<\/ul>\n\n\n\n<p>Le meilleur affichage des textes de l\u00e9gende est obtenu lorsque le rapport d&#8217;aspect des images (dans les param\u00e8tres comportementaux) est laiss\u00e9 sur son r\u00e9glage par d\u00e9faut Automatique. Pour tout autre r\u00e9glage, les textes de l\u00e9gende ne peuvent pas \u00eatre affich\u00e9s sous chaque image, car les images sont contraintes \u00e0 l&#8217;int\u00e9rieur d&#8217;un &#8220;cadre&#8221; de dimensions fixes. Les textes sont donc affich\u00e9s au bas et au-dessus des images, et doivent donc \u00eatre aussi courts que possible. Ceci est clairement d\u00e9montr\u00e9 dans les exemples donn\u00e9s dans le Livre Interactif &#8220;Choix de l&#8217;image &#8216;papi Jo&#8217; &#8211; Exemples&#8221;.<\/p>\n\n\n\n<h5 class=\"wp-block-heading\">Barre d&#8217;outils de l&#8217;\u00e9diteur de texte de l\u00e9gende<\/h5>\n\n\n\n<p>Cet \u00e9diteur offre un certain nombre d&#8217;options utiles, notamment la possibilit\u00e9 d&#8217;inclure des liens externes, le choix des polices de caract\u00e8res, des couleurs, etc.<\/p>\n\n\n\n<p>Je suis convaincu que le simple ajout de ce texte de l\u00e9gende\/feedback peut transformer H5P Image Choice d&#8217;un simple amusement en une activit\u00e9 d&#8217;apprentissage utile.<\/p>\n\n\n\n<h4 class=\"wp-block-heading\">Indices<\/h4>\n\n\n\n<p>Pour chaque image que vous ajoutez en tant qu&#8217;option dans ce contenu H5P, une option d&#8217;indice est disponible. Veuillez noter que, si vous cliquez sur une ic\u00f4ne d&#8217;indice pour afficher l&#8217;indice, il y a deux fa\u00e7ons de l&#8217;annuler : si vous cliquez \u00e0 nouveau sur l&#8217;ic\u00f4ne de l&#8217;indice, l&#8217;image courante sera automatiquement s\u00e9lectionn\u00e9e. Si vous souhaitez simplement supprimer l&#8217;indice sans s\u00e9lectionner l&#8217;image courante, vous devez cliquer n&#8217;importe o\u00f9 ailleurs, par exemple sur le texte de l&#8217;indice lui-m\u00eame, ou n&#8217;importe o\u00f9 sur la page.<\/p>\n","protected":false},"excerpt":{"rendered":"<p>L&#8217;activit\u00e9 &#8220;H5P Multimedia Choice &#8216;papi Jo&#8217;&#8221; ajoute quelques nouvelles fonctionnalit\u00e9s \u00e0 l&#8217;activit\u00e9 standard H5P Multimedia Choice que l&#8217;on trouve sur le site H5P \u00e0 l&#8217;adresse Multimedia Choice. Ordre d&#8217;affichage al\u00e9atoire des images Si cette option est coch\u00e9e (dans les param\u00e8tres comportementaux), l&#8217;ordre d&#8217;affichage des images sur l&#8217;\u00e9cran d&#8217;ouverture est modifi\u00e9. Texte de l\u00e9gende\/Feedback Pour chaque&hellip;<\/p>\n","protected":false},"author":1,"featured_media":0,"parent":0,"menu_order":0,"comment_status":"closed","ping_status":"closed","template":"","meta":{"footnotes":""},"categories":[60,91],"tags":[],"class_list":["post-366","page","type-page","status-publish","hentry","category-librairies-papi-jo","category-multimedia-choice-fr"],"_links":{"self":[{"href":"https:\/\/www.rezeau.org\/wp-h5p\/wp-json\/wp\/v2\/pages\/366","targetHints":{"allow":["GET"]}}],"collection":[{"href":"https:\/\/www.rezeau.org\/wp-h5p\/wp-json\/wp\/v2\/pages"}],"about":[{"href":"https:\/\/www.rezeau.org\/wp-h5p\/wp-json\/wp\/v2\/types\/page"}],"author":[{"embeddable":true,"href":"https:\/\/www.rezeau.org\/wp-h5p\/wp-json\/wp\/v2\/users\/1"}],"replies":[{"embeddable":true,"href":"https:\/\/www.rezeau.org\/wp-h5p\/wp-json\/wp\/v2\/comments?post=366"}],"version-history":[{"count":1,"href":"https:\/\/www.rezeau.org\/wp-h5p\/wp-json\/wp\/v2\/pages\/366\/revisions"}],"predecessor-version":[{"id":367,"href":"https:\/\/www.rezeau.org\/wp-h5p\/wp-json\/wp\/v2\/pages\/366\/revisions\/367"}],"wp:attachment":[{"href":"https:\/\/www.rezeau.org\/wp-h5p\/wp-json\/wp\/v2\/media?parent=366"}],"wp:term":[{"taxonomy":"category","embeddable":true,"href":"https:\/\/www.rezeau.org\/wp-h5p\/wp-json\/wp\/v2\/categories?post=366"},{"taxonomy":"post_tag","embeddable":true,"href":"https:\/\/www.rezeau.org\/wp-h5p\/wp-json\/wp\/v2\/tags?post=366"}],"curies":[{"name":"wp","href":"https:\/\/api.w.org\/{rel}","templated":true}]}}