{"id":407,"date":"2025-10-23T15:44:12","date_gmt":"2025-10-23T13:44:12","guid":{"rendered":"https:\/\/www.rezeau.org\/wp-h5p\/?page_id=407"},"modified":"2025-10-23T15:44:13","modified_gmt":"2025-10-23T13:44:13","slug":"timeline-modele","status":"publish","type":"page","link":"https:\/\/www.rezeau.org\/wp-h5p\/fr\/timeline-modele\/","title":{"rendered":"TIMELINE Mod\u00e8le"},"content":{"rendered":"<div class=\"h5p-iframe-wrapper\"><iframe id=\"h5p-iframe-49\" class=\"h5p-iframe\" data-content-id=\"49\" style=\"height:1px\" src=\"about:blank\" frameBorder=\"0\" scrolling=\"no\" title=\"NDLA Timeline Papi Jo - Mod\u00e8le t\u00e9l\u00e9chargeable\"><\/iframe><\/div>\n","protected":false},"excerpt":{"rendered":"","protected":false},"author":1,"featured_media":0,"parent":0,"menu_order":0,"comment_status":"closed","ping_status":"closed","template":"","meta":{"footnotes":""},"categories":[60,89],"tags":[],"class_list":["post-407","page","type-page","status-publish","hentry","category-librairies-papi-jo","category-ndla-timeline-fr"],"_links":{"self":[{"href":"https:\/\/www.rezeau.org\/wp-h5p\/wp-json\/wp\/v2\/pages\/407","targetHints":{"allow":["GET"]}}],"collection":[{"href":"https:\/\/www.rezeau.org\/wp-h5p\/wp-json\/wp\/v2\/pages"}],"about":[{"href":"https:\/\/www.rezeau.org\/wp-h5p\/wp-json\/wp\/v2\/types\/page"}],"author":[{"embeddable":true,"href":"https:\/\/www.rezeau.org\/wp-h5p\/wp-json\/wp\/v2\/users\/1"}],"replies":[{"embeddable":true,"href":"https:\/\/www.rezeau.org\/wp-h5p\/wp-json\/wp\/v2\/comments?post=407"}],"version-history":[{"count":1,"href":"https:\/\/www.rezeau.org\/wp-h5p\/wp-json\/wp\/v2\/pages\/407\/revisions"}],"predecessor-version":[{"id":408,"href":"https:\/\/www.rezeau.org\/wp-h5p\/wp-json\/wp\/v2\/pages\/407\/revisions\/408"}],"wp:attachment":[{"href":"https:\/\/www.rezeau.org\/wp-h5p\/wp-json\/wp\/v2\/media?parent=407"}],"wp:term":[{"taxonomy":"category","embeddable":true,"href":"https:\/\/www.rezeau.org\/wp-h5p\/wp-json\/wp\/v2\/categories?post=407"},{"taxonomy":"post_tag","embeddable":true,"href":"https:\/\/www.rezeau.org\/wp-h5p\/wp-json\/wp\/v2\/tags?post=407"}],"curies":[{"name":"wp","href":"https:\/\/api.w.org\/{rel}","templated":true}]}}