{"id":456,"date":"2023-01-09T18:07:56","date_gmt":"2023-01-09T17:07:56","guid":{"rendered":"https:\/\/www.rezeau.org\/wp-jacqueline\/?page_id=456"},"modified":"2023-01-21T11:54:35","modified_gmt":"2023-01-21T10:54:35","slug":"temari","status":"publish","type":"page","link":"https:\/\/www.rezeau.org\/wp-jacqueline\/temari\/","title":{"rendered":"Temari (technique)"},"content":{"rendered":"\n<p>Depuis le 9e si\u00e8cle en Chine et le 12e si\u00e8cle au Japon, les mamans confectionnaient traditionnellement des balles pour leurs filles. Ces balles appel\u00e9es TEMARI (TE = la main\u2009; MARI = la balle) \u00e9taient fabriqu\u00e9es avec des restes de tissu et d\u00e9cor\u00e9es de broderies.<\/p>\n\n\n\n<p>Personnellement, j\u2019utilise de la ouatine pour faire la balle, je la recouvre enti\u00e8rement de laine, puis de fil de la m\u00eame couleur que la laine. Il faut ensuite mesurer les divisions avec une bande de papier et les marquer avec des \u00e9pingles. Les mesures doivent \u00eatre prises avec une grande pr\u00e9cision pour que les motifs g\u00e9om\u00e9triques soient r\u00e9guliers.<\/p>\n\n\n\n<p>Je brode ensuite la Temari de motifs vari\u00e9s avec du coton perl\u00e9. Toutes ces op\u00e9rations n\u00e9cessitent plusieurs heures de travail. Confectionn\u00e9es de cette fa\u00e7on, les balles rebondissent vraiment quand on les lance contre un mur.<\/p>\n\n\n\n<p>Accroch\u00e9es dans le sapin de No\u00ebl, elles feront une d\u00e9coration originale. En plus petit format, et si on rajoute un gland et une cordeli\u00e8re, elles seront accroch\u00e9es \u00e0 un sac, une poign\u00e9e de porte (meuble, placard) ou de tiroir, une embrasse de rideau ou feront un joli pendentif ou un porte-cl\u00e9s. Pour tout savoir sur les Temari, voir le site <a rel=\"noreferrer noopener\" href=\"http:\/\/www.temarikai.com\/\" data-type=\"URL\" data-id=\"http:\/\/www.temarikai.com\/\" target=\"_blank\">TemariKai<\/a> (en anglais) avec explications et mod\u00e8les t\u00e9l\u00e9chargeables et imprimables&#8230;<\/p>\n\n\n<div class=\"soliloquy-outer-container\" data-soliloquy-loaded=\"0\"><div aria-live=\"polite\" id=\"soliloquy-container-525\" class=\"soliloquy-container soliloquy-transition-fade soliloquy-fade soliloquy-controls-active soliloquy-arrows-active  soliloquy-theme-classic\" style=\"max-width:200px;max-height:200px;margin:0 auto 20px;\"><ul id=\"soliloquy-525\" class=\"soliloquy-slider soliloquy-slides soliloquy-wrap soliloquy-clear\"><li aria-hidden=\"true\" class=\"soliloquy-item soliloquy-item-1 soliloquy-id-374 soliloquy-image-slide\" draggable=\"false\" style=\"list-style:none;\"><img decoding=\"async\" id=\"soliloquy-image-374\" class=\"soliloquy-image soliloquy-image-1\" src=\"https:\/\/www.rezeau.org\/wp-jacqueline\/wp-content\/uploads\/2023\/01\/P8140335s-1.jpg\" alt=\"OLYMPUS DIGITAL CAMERA\" \/><\/li><li aria-hidden=\"true\" class=\"soliloquy-item soliloquy-item-2 soliloquy-id-375 soliloquy-image-slide\" draggable=\"false\" style=\"list-style:none;\"><img decoding=\"async\" id=\"soliloquy-image-375\" class=\"soliloquy-image soliloquy-image-2 soliloquy-preload\" src=\"https:\/\/www.rezeau.org\/wp-jacqueline\/wp-content\/plugins\/soliloquy\/assets\/css\/images\/holder.gif\" data-soliloquy-src=\"https:\/\/www.rezeau.org\/wp-jacqueline\/wp-content\/uploads\/2023\/01\/P8140335s.jpg\" alt=\"OLYMPUS DIGITAL CAMERA\" \/><\/li><li aria-hidden=\"true\" class=\"soliloquy-item soliloquy-item-3 soliloquy-id-386 soliloquy-image-slide\" draggable=\"false\" style=\"list-style:none;\"><img decoding=\"async\" id=\"soliloquy-image-386\" class=\"soliloquy-image soliloquy-image-3 soliloquy-preload\" src=\"https:\/\/www.rezeau.org\/wp-jacqueline\/wp-content\/plugins\/soliloquy\/assets\/css\/images\/holder.gif\" data-soliloquy-src=\"https:\/\/www.rezeau.org\/wp-jacqueline\/wp-content\/uploads\/2023\/01\/P8140336s.jpg\" alt=\"OLYMPUS DIGITAL CAMERA\" \/><\/li><li aria-hidden=\"true\" class=\"soliloquy-item soliloquy-item-4 soliloquy-id-385 soliloquy-image-slide\" draggable=\"false\" style=\"list-style:none;\"><img decoding=\"async\" id=\"soliloquy-image-385\" class=\"soliloquy-image soliloquy-image-4 soliloquy-preload\" src=\"https:\/\/www.rezeau.org\/wp-jacqueline\/wp-content\/plugins\/soliloquy\/assets\/css\/images\/holder.gif\" data-soliloquy-src=\"https:\/\/www.rezeau.org\/wp-jacqueline\/wp-content\/uploads\/2023\/01\/P8140337s.jpg\" alt=\"OLYMPUS DIGITAL CAMERA\" \/><\/li><li aria-hidden=\"true\" class=\"soliloquy-item soliloquy-item-5 soliloquy-id-384 soliloquy-image-slide\" draggable=\"false\" style=\"list-style:none;\"><img decoding=\"async\" id=\"soliloquy-image-384\" class=\"soliloquy-image soliloquy-image-5 soliloquy-preload\" src=\"https:\/\/www.rezeau.org\/wp-jacqueline\/wp-content\/plugins\/soliloquy\/assets\/css\/images\/holder.gif\" data-soliloquy-src=\"https:\/\/www.rezeau.org\/wp-jacqueline\/wp-content\/uploads\/2023\/01\/P8140338s.jpg\" alt=\"OLYMPUS DIGITAL CAMERA\" \/><\/li><li aria-hidden=\"true\" class=\"soliloquy-item soliloquy-item-6 soliloquy-id-383 soliloquy-image-slide\" draggable=\"false\" style=\"list-style:none;\"><img decoding=\"async\" id=\"soliloquy-image-383\" class=\"soliloquy-image soliloquy-image-6 soliloquy-preload\" src=\"https:\/\/www.rezeau.org\/wp-jacqueline\/wp-content\/plugins\/soliloquy\/assets\/css\/images\/holder.gif\" data-soliloquy-src=\"https:\/\/www.rezeau.org\/wp-jacqueline\/wp-content\/uploads\/2023\/01\/P8140339s.jpg\" alt=\"OLYMPUS DIGITAL CAMERA\" \/><\/li><li aria-hidden=\"true\" class=\"soliloquy-item soliloquy-item-7 soliloquy-id-382 soliloquy-image-slide\" draggable=\"false\" style=\"list-style:none;\"><img decoding=\"async\" id=\"soliloquy-image-382\" class=\"soliloquy-image soliloquy-image-7 soliloquy-preload\" src=\"https:\/\/www.rezeau.org\/wp-jacqueline\/wp-content\/plugins\/soliloquy\/assets\/css\/images\/holder.gif\" data-soliloquy-src=\"https:\/\/www.rezeau.org\/wp-jacqueline\/wp-content\/uploads\/2023\/01\/P8140340s.jpg\" alt=\"OLYMPUS DIGITAL CAMERA\" \/><\/li><li aria-hidden=\"true\" class=\"soliloquy-item soliloquy-item-8 soliloquy-id-381 soliloquy-image-slide\" draggable=\"false\" style=\"list-style:none;\"><img decoding=\"async\" id=\"soliloquy-image-381\" class=\"soliloquy-image soliloquy-image-8 soliloquy-preload\" src=\"https:\/\/www.rezeau.org\/wp-jacqueline\/wp-content\/plugins\/soliloquy\/assets\/css\/images\/holder.gif\" data-soliloquy-src=\"https:\/\/www.rezeau.org\/wp-jacqueline\/wp-content\/uploads\/2023\/01\/P8140342s.jpg\" alt=\"OLYMPUS DIGITAL CAMERA\" \/><\/li><li aria-hidden=\"true\" class=\"soliloquy-item soliloquy-item-9 soliloquy-id-380 soliloquy-image-slide\" draggable=\"false\" style=\"list-style:none;\"><img decoding=\"async\" id=\"soliloquy-image-380\" class=\"soliloquy-image soliloquy-image-9 soliloquy-preload\" src=\"https:\/\/www.rezeau.org\/wp-jacqueline\/wp-content\/plugins\/soliloquy\/assets\/css\/images\/holder.gif\" data-soliloquy-src=\"https:\/\/www.rezeau.org\/wp-jacqueline\/wp-content\/uploads\/2023\/01\/P8140343s.jpg\" alt=\"OLYMPUS DIGITAL CAMERA\" \/><\/li><li aria-hidden=\"true\" class=\"soliloquy-item soliloquy-item-10 soliloquy-id-379 soliloquy-image-slide\" draggable=\"false\" style=\"list-style:none;\"><img decoding=\"async\" id=\"soliloquy-image-379\" class=\"soliloquy-image soliloquy-image-10 soliloquy-preload\" src=\"https:\/\/www.rezeau.org\/wp-jacqueline\/wp-content\/plugins\/soliloquy\/assets\/css\/images\/holder.gif\" data-soliloquy-src=\"https:\/\/www.rezeau.org\/wp-jacqueline\/wp-content\/uploads\/2023\/01\/P8140344s.jpg\" alt=\"OLYMPUS DIGITAL CAMERA\" \/><\/li><li aria-hidden=\"true\" class=\"soliloquy-item soliloquy-item-11 soliloquy-id-378 soliloquy-image-slide\" draggable=\"false\" style=\"list-style:none;\"><img decoding=\"async\" id=\"soliloquy-image-378\" class=\"soliloquy-image soliloquy-image-11 soliloquy-preload\" src=\"https:\/\/www.rezeau.org\/wp-jacqueline\/wp-content\/plugins\/soliloquy\/assets\/css\/images\/holder.gif\" data-soliloquy-src=\"https:\/\/www.rezeau.org\/wp-jacqueline\/wp-content\/uploads\/2023\/01\/P8140345s.jpg\" alt=\"OLYMPUS DIGITAL CAMERA\" \/><\/li><li aria-hidden=\"true\" class=\"soliloquy-item soliloquy-item-12 soliloquy-id-377 soliloquy-image-slide\" draggable=\"false\" style=\"list-style:none;\"><img decoding=\"async\" id=\"soliloquy-image-377\" class=\"soliloquy-image soliloquy-image-12 soliloquy-preload\" src=\"https:\/\/www.rezeau.org\/wp-jacqueline\/wp-content\/plugins\/soliloquy\/assets\/css\/images\/holder.gif\" data-soliloquy-src=\"https:\/\/www.rezeau.org\/wp-jacqueline\/wp-content\/uploads\/2023\/01\/P8140346s.jpg\" alt=\"OLYMPUS DIGITAL CAMERA\" \/><\/li><li aria-hidden=\"true\" class=\"soliloquy-item soliloquy-item-13 soliloquy-id-376 soliloquy-image-slide\" draggable=\"false\" style=\"list-style:none;\"><img decoding=\"async\" id=\"soliloquy-image-376\" class=\"soliloquy-image soliloquy-image-13 soliloquy-preload\" src=\"https:\/\/www.rezeau.org\/wp-jacqueline\/wp-content\/plugins\/soliloquy\/assets\/css\/images\/holder.gif\" data-soliloquy-src=\"https:\/\/www.rezeau.org\/wp-jacqueline\/wp-content\/uploads\/2023\/01\/P8140347s.jpg\" alt=\"OLYMPUS DIGITAL CAMERA\" \/><\/li><\/ul><\/div><noscript><style type=\"text\/css\" scoped>#soliloquy-container-525{opacity:1}#soliloquy-container-525 li > .soliloquy-caption{display:none}#soliloquy-container-525 li:first-child > .soliloquy-caption{display:block}<\/style><div class=\"soliloquy-no-js\" style=\"display:none;visibility:hidden;height:0;line-height:0;opacity:0;\"><img decoding=\"async\" class=\"soliloquy-image soliloquy-no-js-image\" src=\"https:\/\/www.rezeau.org\/wp-jacqueline\/wp-content\/uploads\/2023\/01\/P8140335s-1.jpg\" alt=\"OLYMPUS DIGITAL CAMERA\" \/><img decoding=\"async\" class=\"soliloquy-image soliloquy-no-js-image\" src=\"https:\/\/www.rezeau.org\/wp-jacqueline\/wp-content\/uploads\/2023\/01\/P8140335s.jpg\" alt=\"OLYMPUS DIGITAL CAMERA\" \/><img decoding=\"async\" class=\"soliloquy-image soliloquy-no-js-image\" src=\"https:\/\/www.rezeau.org\/wp-jacqueline\/wp-content\/uploads\/2023\/01\/P8140336s.jpg\" alt=\"OLYMPUS DIGITAL CAMERA\" \/><img decoding=\"async\" class=\"soliloquy-image soliloquy-no-js-image\" src=\"https:\/\/www.rezeau.org\/wp-jacqueline\/wp-content\/uploads\/2023\/01\/P8140337s.jpg\" alt=\"OLYMPUS DIGITAL CAMERA\" \/><img decoding=\"async\" class=\"soliloquy-image soliloquy-no-js-image\" src=\"https:\/\/www.rezeau.org\/wp-jacqueline\/wp-content\/uploads\/2023\/01\/P8140338s.jpg\" alt=\"OLYMPUS DIGITAL CAMERA\" \/><img decoding=\"async\" class=\"soliloquy-image soliloquy-no-js-image\" src=\"https:\/\/www.rezeau.org\/wp-jacqueline\/wp-content\/uploads\/2023\/01\/P8140339s.jpg\" alt=\"OLYMPUS DIGITAL CAMERA\" \/><img decoding=\"async\" class=\"soliloquy-image soliloquy-no-js-image\" src=\"https:\/\/www.rezeau.org\/wp-jacqueline\/wp-content\/uploads\/2023\/01\/P8140340s.jpg\" alt=\"OLYMPUS DIGITAL CAMERA\" \/><img decoding=\"async\" class=\"soliloquy-image soliloquy-no-js-image\" src=\"https:\/\/www.rezeau.org\/wp-jacqueline\/wp-content\/uploads\/2023\/01\/P8140342s.jpg\" alt=\"OLYMPUS DIGITAL CAMERA\" \/><img decoding=\"async\" class=\"soliloquy-image soliloquy-no-js-image\" src=\"https:\/\/www.rezeau.org\/wp-jacqueline\/wp-content\/uploads\/2023\/01\/P8140343s.jpg\" alt=\"OLYMPUS DIGITAL CAMERA\" \/><img decoding=\"async\" class=\"soliloquy-image soliloquy-no-js-image\" src=\"https:\/\/www.rezeau.org\/wp-jacqueline\/wp-content\/uploads\/2023\/01\/P8140344s.jpg\" alt=\"OLYMPUS DIGITAL CAMERA\" \/><img decoding=\"async\" class=\"soliloquy-image soliloquy-no-js-image\" src=\"https:\/\/www.rezeau.org\/wp-jacqueline\/wp-content\/uploads\/2023\/01\/P8140345s.jpg\" alt=\"OLYMPUS DIGITAL CAMERA\" \/><img decoding=\"async\" class=\"soliloquy-image soliloquy-no-js-image\" src=\"https:\/\/www.rezeau.org\/wp-jacqueline\/wp-content\/uploads\/2023\/01\/P8140346s.jpg\" alt=\"OLYMPUS DIGITAL CAMERA\" \/><img decoding=\"async\" class=\"soliloquy-image soliloquy-no-js-image\" src=\"https:\/\/www.rezeau.org\/wp-jacqueline\/wp-content\/uploads\/2023\/01\/P8140347s.jpg\" alt=\"OLYMPUS DIGITAL CAMERA\" \/><\/div><\/noscript><\/div>\n","protected":false},"excerpt":{"rendered":"<p>Depuis le 9e si\u00e8cle en Chine et le 12e si\u00e8cle au Japon, les mamans confectionnaient traditionnellement des balles pour leurs filles. Ces balles appel\u00e9es TEMARI (TE = la main\u2009; MARI = la balle) \u00e9taient fabriqu\u00e9es avec des restes de tissu et d\u00e9cor\u00e9es de broderies. Personnellement, j\u2019utilise de la ouatine pour faire la balle, je la&hellip;<\/p>\n","protected":false},"author":1,"featured_media":0,"parent":0,"menu_order":0,"comment_status":"closed","ping_status":"closed","template":"","meta":{"ngg_post_thumbnail":0,"footnotes":""},"categories":[16,20],"tags":[],"class_list":["post-456","page","type-page","status-publish","hentry","category-techniques","category-temari"],"_links":{"self":[{"href":"https:\/\/www.rezeau.org\/wp-jacqueline\/wp-json\/wp\/v2\/pages\/456","targetHints":{"allow":["GET"]}}],"collection":[{"href":"https:\/\/www.rezeau.org\/wp-jacqueline\/wp-json\/wp\/v2\/pages"}],"about":[{"href":"https:\/\/www.rezeau.org\/wp-jacqueline\/wp-json\/wp\/v2\/types\/page"}],"author":[{"embeddable":true,"href":"https:\/\/www.rezeau.org\/wp-jacqueline\/wp-json\/wp\/v2\/users\/1"}],"replies":[{"embeddable":true,"href":"https:\/\/www.rezeau.org\/wp-jacqueline\/wp-json\/wp\/v2\/comments?post=456"}],"version-history":[{"count":4,"href":"https:\/\/www.rezeau.org\/wp-jacqueline\/wp-json\/wp\/v2\/pages\/456\/revisions"}],"predecessor-version":[{"id":950,"href":"https:\/\/www.rezeau.org\/wp-jacqueline\/wp-json\/wp\/v2\/pages\/456\/revisions\/950"}],"wp:attachment":[{"href":"https:\/\/www.rezeau.org\/wp-jacqueline\/wp-json\/wp\/v2\/media?parent=456"}],"wp:term":[{"taxonomy":"category","embeddable":true,"href":"https:\/\/www.rezeau.org\/wp-jacqueline\/wp-json\/wp\/v2\/categories?post=456"},{"taxonomy":"post_tag","embeddable":true,"href":"https:\/\/www.rezeau.org\/wp-jacqueline\/wp-json\/wp\/v2\/tags?post=456"}],"curies":[{"name":"wp","href":"https:\/\/api.w.org\/{rel}","templated":true}]}}