{"id":471,"date":"2023-01-09T22:48:05","date_gmt":"2023-01-09T21:48:05","guid":{"rendered":"https:\/\/www.rezeau.org\/wp-jacqueline\/?page_id=471"},"modified":"2023-01-09T22:48:05","modified_gmt":"2023-01-09T21:48:05","slug":"boutique","status":"publish","type":"page","link":"https:\/\/www.rezeau.org\/wp-jacqueline\/boutique\/","title":{"rendered":"Boutique"},"content":{"rendered":"\n<p>Si vous habitez ou si vous passez dans la r\u00e9gion de Rennes, c\u2019est avec plaisir que je vous accueillerai pour une visite de mon atelier. Pour avoir mes coordonn\u00e9es, envoyez-moi un mail en cliquant sur le lien tout en bas \u00e0 droite de chaque page de mon site.<\/p>\n\n\n\n<p>Sous chaque vignette, un point <strong>vert <\/strong>signale un objet <strong>disponible<\/strong> et un point <strong>rouge<\/strong> un objet d\u00e9j\u00e0 <strong>vendu<\/strong>.<\/p>\n\n\n\n<p>Vous pouvez passer votre <strong>commande <\/strong>par mail et la recevoir \u00e0 domicile apr\u00e8s r\u00e9ception du ch\u00e8que de paiement.<\/p>\n","protected":false},"excerpt":{"rendered":"<p>Si vous habitez ou si vous passez dans la r\u00e9gion de Rennes, c\u2019est avec plaisir que je vous accueillerai pour une visite de mon atelier. Pour avoir mes coordonn\u00e9es, envoyez-moi un mail en cliquant sur le lien tout en bas \u00e0 droite de chaque page de mon site. Sous chaque vignette, un point vert signale&hellip;<\/p>\n","protected":false},"author":1,"featured_media":0,"parent":0,"menu_order":0,"comment_status":"closed","ping_status":"closed","template":"","meta":{"ngg_post_thumbnail":0,"footnotes":""},"categories":[],"tags":[],"class_list":["post-471","page","type-page","status-publish","hentry"],"_links":{"self":[{"href":"https:\/\/www.rezeau.org\/wp-jacqueline\/wp-json\/wp\/v2\/pages\/471","targetHints":{"allow":["GET"]}}],"collection":[{"href":"https:\/\/www.rezeau.org\/wp-jacqueline\/wp-json\/wp\/v2\/pages"}],"about":[{"href":"https:\/\/www.rezeau.org\/wp-jacqueline\/wp-json\/wp\/v2\/types\/page"}],"author":[{"embeddable":true,"href":"https:\/\/www.rezeau.org\/wp-jacqueline\/wp-json\/wp\/v2\/users\/1"}],"replies":[{"embeddable":true,"href":"https:\/\/www.rezeau.org\/wp-jacqueline\/wp-json\/wp\/v2\/comments?post=471"}],"version-history":[{"count":1,"href":"https:\/\/www.rezeau.org\/wp-jacqueline\/wp-json\/wp\/v2\/pages\/471\/revisions"}],"predecessor-version":[{"id":472,"href":"https:\/\/www.rezeau.org\/wp-jacqueline\/wp-json\/wp\/v2\/pages\/471\/revisions\/472"}],"wp:attachment":[{"href":"https:\/\/www.rezeau.org\/wp-jacqueline\/wp-json\/wp\/v2\/media?parent=471"}],"wp:term":[{"taxonomy":"category","embeddable":true,"href":"https:\/\/www.rezeau.org\/wp-jacqueline\/wp-json\/wp\/v2\/categories?post=471"},{"taxonomy":"post_tag","embeddable":true,"href":"https:\/\/www.rezeau.org\/wp-jacqueline\/wp-json\/wp\/v2\/tags?post=471"}],"curies":[{"name":"wp","href":"https:\/\/api.w.org\/{rel}","templated":true}]}}