{"id":473,"date":"2023-01-09T22:50:09","date_gmt":"2023-01-09T21:50:09","guid":{"rendered":"https:\/\/www.rezeau.org\/wp-jacqueline\/?page_id=473"},"modified":"2023-01-09T23:11:45","modified_gmt":"2023-01-09T22:11:45","slug":"cartonnage","status":"publish","type":"page","link":"https:\/\/www.rezeau.org\/wp-jacqueline\/cartonnage\/","title":{"rendered":"Cartonnage"},"content":{"rendered":"<div class=\"wp-block-image\">\n<figure class=\"alignleft size-medium\"><img loading=\"lazy\" decoding=\"async\" width=\"300\" height=\"300\" src=\"https:\/\/www.rezeau.org\/wp-jacqueline\/wp-content\/uploads\/2023\/01\/cartonnage-300x300.jpg\" alt=\"\" class=\"wp-image-478\" srcset=\"https:\/\/www.rezeau.org\/wp-jacqueline\/wp-content\/uploads\/2023\/01\/cartonnage-300x300.jpg 300w, https:\/\/www.rezeau.org\/wp-jacqueline\/wp-content\/uploads\/2023\/01\/cartonnage-150x150.jpg 150w, https:\/\/www.rezeau.org\/wp-jacqueline\/wp-content\/uploads\/2023\/01\/cartonnage.jpg 500w\" sizes=\"auto, (max-width: 300px) 100vw, 300px\" \/><\/figure>\n<\/div>\n\n\n<p>Les bo\u00eetes sont confectionn\u00e9es avec du carton gris de 3 mm d\u2019\u00e9paisseur. Apr\u00e8s avoir d\u00e9termin\u00e9 les dimensions, les c\u00f4t\u00e9s, le fond et le couvercle sont d\u00e9coup\u00e9s au cutter. Les c\u00f4t\u00e9s sont coll\u00e9s sur le fond avec de la colle vinylique.<\/p>\n\n\n\n<p>Une charni\u00e8re est mise en place pour le couvercle, si besoin est (certains coffrets ont un couvercle s\u00e9par\u00e9 qui s\u2019emboite, sans charni\u00e8re). La bo\u00eete est alors gain\u00e9e avec de la carte-bulle et du papier d\u00e9coratif ou du tissu, etc.<\/p>\n","protected":false},"excerpt":{"rendered":"<p>Les bo\u00eetes sont confectionn\u00e9es avec du carton gris de 3 mm d\u2019\u00e9paisseur. Apr\u00e8s avoir d\u00e9termin\u00e9 les dimensions, les c\u00f4t\u00e9s, le fond et le couvercle sont d\u00e9coup\u00e9s au cutter. Les c\u00f4t\u00e9s sont coll\u00e9s sur le fond avec de la colle vinylique. Une charni\u00e8re est mise en place pour le couvercle, si besoin est (certains coffrets ont&hellip;<\/p>\n","protected":false},"author":1,"featured_media":0,"parent":0,"menu_order":0,"comment_status":"closed","ping_status":"closed","template":"","meta":{"ngg_post_thumbnail":0,"footnotes":""},"categories":[17,16],"tags":[],"class_list":["post-473","page","type-page","status-publish","hentry","category-cartonnage","category-techniques"],"_links":{"self":[{"href":"https:\/\/www.rezeau.org\/wp-jacqueline\/wp-json\/wp\/v2\/pages\/473","targetHints":{"allow":["GET"]}}],"collection":[{"href":"https:\/\/www.rezeau.org\/wp-jacqueline\/wp-json\/wp\/v2\/pages"}],"about":[{"href":"https:\/\/www.rezeau.org\/wp-jacqueline\/wp-json\/wp\/v2\/types\/page"}],"author":[{"embeddable":true,"href":"https:\/\/www.rezeau.org\/wp-jacqueline\/wp-json\/wp\/v2\/users\/1"}],"replies":[{"embeddable":true,"href":"https:\/\/www.rezeau.org\/wp-jacqueline\/wp-json\/wp\/v2\/comments?post=473"}],"version-history":[{"count":2,"href":"https:\/\/www.rezeau.org\/wp-jacqueline\/wp-json\/wp\/v2\/pages\/473\/revisions"}],"predecessor-version":[{"id":495,"href":"https:\/\/www.rezeau.org\/wp-jacqueline\/wp-json\/wp\/v2\/pages\/473\/revisions\/495"}],"wp:attachment":[{"href":"https:\/\/www.rezeau.org\/wp-jacqueline\/wp-json\/wp\/v2\/media?parent=473"}],"wp:term":[{"taxonomy":"category","embeddable":true,"href":"https:\/\/www.rezeau.org\/wp-jacqueline\/wp-json\/wp\/v2\/categories?post=473"},{"taxonomy":"post_tag","embeddable":true,"href":"https:\/\/www.rezeau.org\/wp-jacqueline\/wp-json\/wp\/v2\/tags?post=473"}],"curies":[{"name":"wp","href":"https:\/\/api.w.org\/{rel}","templated":true}]}}