{"id":503,"date":"2023-01-09T23:31:05","date_gmt":"2023-01-09T22:31:05","guid":{"rendered":"https:\/\/www.rezeau.org\/wp-jacqueline\/?page_id=503"},"modified":"2024-01-12T17:39:47","modified_gmt":"2024-01-12T16:39:47","slug":"cuisson","status":"publish","type":"page","link":"https:\/\/www.rezeau.org\/wp-jacqueline\/cuisson\/","title":{"rendered":"Cuisson"},"content":{"rendered":"\n<p>Apr\u00e8s le s\u00e9chage complet, qui prend plusieurs jours, la pi\u00e8ce est mise \u00e0 cuire&#8230;<\/p>\n\n\n<div class=\"wp-block-image\">\n<figure data-wp-context=\"{&quot;imageId&quot;:&quot;69ff280833f9c&quot;}\" data-wp-interactive=\"core\/image\" data-wp-key=\"69ff280833f9c\" class=\"alignleft size-full is-resized wp-lightbox-container\"><img loading=\"lazy\" decoding=\"async\" width=\"500\" height=\"388\" data-wp-class--hide=\"state.isContentHidden\" data-wp-class--show=\"state.isContentVisible\" data-wp-init=\"callbacks.setButtonStyles\" data-wp-on--click=\"actions.showLightbox\" data-wp-on--load=\"callbacks.setButtonStyles\" data-wp-on-window--resize=\"callbacks.setButtonStyles\" src=\"https:\/\/www.rezeau.org\/wp-jacqueline\/wp-content\/uploads\/2023\/01\/four01.jpg\" alt=\"\" class=\"wp-image-479\" style=\"width:266px;height:206px\" srcset=\"https:\/\/www.rezeau.org\/wp-jacqueline\/wp-content\/uploads\/2023\/01\/four01.jpg 500w, https:\/\/www.rezeau.org\/wp-jacqueline\/wp-content\/uploads\/2023\/01\/four01-300x233.jpg 300w\" sizes=\"auto, (max-width: 500px) 100vw, 500px\" \/><button\n\t\t\tclass=\"lightbox-trigger\"\n\t\t\ttype=\"button\"\n\t\t\taria-haspopup=\"dialog\"\n\t\t\taria-label=\"Enlarge\"\n\t\t\tdata-wp-init=\"callbacks.initTriggerButton\"\n\t\t\tdata-wp-on--click=\"actions.showLightbox\"\n\t\t\tdata-wp-style--right=\"state.imageButtonRight\"\n\t\t\tdata-wp-style--top=\"state.imageButtonTop\"\n\t\t>\n\t\t\t<svg xmlns=\"http:\/\/www.w3.org\/2000\/svg\" width=\"12\" height=\"12\" fill=\"none\" viewBox=\"0 0 12 12\">\n\t\t\t\t<path fill=\"#fff\" d=\"M2 0a2 2 0 0 0-2 2v2h1.5V2a.5.5 0 0 1 .5-.5h2V0H2Zm2 10.5H2a.5.5 0 0 1-.5-.5V8H0v2a2 2 0 0 0 2 2h2v-1.5ZM8 12v-1.5h2a.5.5 0 0 0 .5-.5V8H12v2a2 2 0 0 1-2 2H8Zm2-12a2 2 0 0 1 2 2v2h-1.5V2a.5.5 0 0 0-.5-.5H8V0h2Z\" \/>\n\t\t\t<\/svg>\n\t\t<\/button><\/figure>\n<\/div>\n\n\n<p>J\u2019utilise un petit four \u00e9lectrique pour la cuisson de l\u2019argile, qui monte jusqu\u2019\u00e0 1100 degr\u00e9s. La mont\u00e9e en temp\u00e9rature est tr\u00e8s lente et programm\u00e9e automatiquement.<\/p>\n\n\n\n<p>La premi\u00e8re cuisson qui est appel\u00e9e \u00ab biscuit \u00bb se fait entre 900 et 980 degr\u00e9s. Il faut compter environ 24 heures entre le moment o\u00f9 l\u2019on enfourne et celui o\u00f9 on peut vider le four apr\u00e8s refroidissement total.<\/p>\n\n\n\n<p>La cuisson de l\u2019\u00e9mail (pour la fa\u00efence) se fait entre 1 000 et 1 050 degr\u00e9s. La temp\u00e9rature monte plus rapidement que pour la cuisson biscuit (120\u00b0 par heure au lieu de 80\u00b0).<\/p>\n","protected":false},"excerpt":{"rendered":"<p>Apr\u00e8s le s\u00e9chage complet, qui prend plusieurs jours, la pi\u00e8ce est mise \u00e0 cuire.<\/p>\n","protected":false},"author":1,"featured_media":0,"parent":0,"menu_order":0,"comment_status":"closed","ping_status":"closed","template":"","meta":{"ngg_post_thumbnail":0,"footnotes":""},"categories":[19,16],"tags":[],"class_list":["post-503","page","type-page","status-publish","hentry","category-poterie","category-techniques"],"_links":{"self":[{"href":"https:\/\/www.rezeau.org\/wp-jacqueline\/wp-json\/wp\/v2\/pages\/503","targetHints":{"allow":["GET"]}}],"collection":[{"href":"https:\/\/www.rezeau.org\/wp-jacqueline\/wp-json\/wp\/v2\/pages"}],"about":[{"href":"https:\/\/www.rezeau.org\/wp-jacqueline\/wp-json\/wp\/v2\/types\/page"}],"author":[{"embeddable":true,"href":"https:\/\/www.rezeau.org\/wp-jacqueline\/wp-json\/wp\/v2\/users\/1"}],"replies":[{"embeddable":true,"href":"https:\/\/www.rezeau.org\/wp-jacqueline\/wp-json\/wp\/v2\/comments?post=503"}],"version-history":[{"count":5,"href":"https:\/\/www.rezeau.org\/wp-jacqueline\/wp-json\/wp\/v2\/pages\/503\/revisions"}],"predecessor-version":[{"id":1031,"href":"https:\/\/www.rezeau.org\/wp-jacqueline\/wp-json\/wp\/v2\/pages\/503\/revisions\/1031"}],"wp:attachment":[{"href":"https:\/\/www.rezeau.org\/wp-jacqueline\/wp-json\/wp\/v2\/media?parent=503"}],"wp:term":[{"taxonomy":"category","embeddable":true,"href":"https:\/\/www.rezeau.org\/wp-jacqueline\/wp-json\/wp\/v2\/categories?post=503"},{"taxonomy":"post_tag","embeddable":true,"href":"https:\/\/www.rezeau.org\/wp-jacqueline\/wp-json\/wp\/v2\/tags?post=503"}],"curies":[{"name":"wp","href":"https:\/\/api.w.org\/{rel}","templated":true}]}}