{"id":701,"date":"2023-01-10T16:45:37","date_gmt":"2023-01-10T15:45:37","guid":{"rendered":"https:\/\/www.rezeau.org\/wp-jacqueline\/?page_id=701"},"modified":"2024-01-12T17:38:36","modified_gmt":"2024-01-12T16:38:36","slug":"emaillage","status":"publish","type":"page","link":"https:\/\/www.rezeau.org\/wp-jacqueline\/emaillage\/","title":{"rendered":"\u00c9maillage"},"content":{"rendered":"\n<p>L\u2019\u00e9mail, dont le composant essentiel est la silice, fond vers 1000 degr\u00e9s.<\/p>\n\n\n<div class=\"wp-block-image\">\n<figure data-wp-context=\"{&quot;imageId&quot;:&quot;69d04275b5cac&quot;}\" data-wp-interactive=\"core\/image\" data-wp-key=\"69d04275b5cac\" class=\"alignleft size-thumbnail wp-lightbox-container\"><img loading=\"lazy\" decoding=\"async\" width=\"150\" height=\"150\" data-wp-class--hide=\"state.isContentHidden\" data-wp-class--show=\"state.isContentVisible\" data-wp-init=\"callbacks.setButtonStyles\" data-wp-on--click=\"actions.showLightbox\" data-wp-on--load=\"callbacks.setButtonStyles\" data-wp-on-window--resize=\"callbacks.setButtonStyles\" src=\"https:\/\/www.rezeau.org\/wp-jacqueline\/wp-content\/uploads\/2023\/01\/photophore-150x150.jpg\" alt=\"\" class=\"wp-image-482\" srcset=\"https:\/\/www.rezeau.org\/wp-jacqueline\/wp-content\/uploads\/2023\/01\/photophore-150x150.jpg 150w, https:\/\/www.rezeau.org\/wp-jacqueline\/wp-content\/uploads\/2023\/01\/photophore-300x300.jpg 300w, https:\/\/www.rezeau.org\/wp-jacqueline\/wp-content\/uploads\/2023\/01\/photophore.jpg 500w\" sizes=\"auto, (max-width: 150px) 100vw, 150px\" \/><button\n\t\t\tclass=\"lightbox-trigger\"\n\t\t\ttype=\"button\"\n\t\t\taria-haspopup=\"dialog\"\n\t\t\taria-label=\"Enlarge\"\n\t\t\tdata-wp-init=\"callbacks.initTriggerButton\"\n\t\t\tdata-wp-on--click=\"actions.showLightbox\"\n\t\t\tdata-wp-style--right=\"state.imageButtonRight\"\n\t\t\tdata-wp-style--top=\"state.imageButtonTop\"\n\t\t>\n\t\t\t<svg xmlns=\"http:\/\/www.w3.org\/2000\/svg\" width=\"12\" height=\"12\" fill=\"none\" viewBox=\"0 0 12 12\">\n\t\t\t\t<path fill=\"#fff\" d=\"M2 0a2 2 0 0 0-2 2v2h1.5V2a.5.5 0 0 1 .5-.5h2V0H2Zm2 10.5H2a.5.5 0 0 1-.5-.5V8H0v2a2 2 0 0 0 2 2h2v-1.5ZM8 12v-1.5h2a.5.5 0 0 0 .5-.5V8H12v2a2 2 0 0 1-2 2H8Zm2-12a2 2 0 0 1 2 2v2h-1.5V2a.5.5 0 0 0-.5-.5H8V0h2Z\" \/>\n\t\t\t<\/svg>\n\t\t<\/button><\/figure>\n<\/div>\n\n\n<p>Il se pr\u00e9sente sous la forme d\u2019une suspension et s\u2019applique au pinceau, au pistolet ou par trempage sur une pi\u00e8ce biscuit\u00e9e.<\/p>\n\n\n\n<p>On le laisse s\u00e9cher avant de le faire cuire \u00e0 la temp\u00e9rature pr\u00e9cis\u00e9e par le fabricant, qui se situe entre 1000 et 1050 degr\u00e9s pour la fa\u00efence. Il forme alors une couche vitrifi\u00e9e qui le rend lisse et plus ou moins brillant et qui imperm\u00e9abilise l\u2019objet.<\/p>\n\n\n<div class=\"wp-block-image\">\n<figure data-wp-context=\"{&quot;imageId&quot;:&quot;69d04275b6384&quot;}\" data-wp-interactive=\"core\/image\" data-wp-key=\"69d04275b6384\" class=\"alignright size-thumbnail wp-lightbox-container\"><img loading=\"lazy\" decoding=\"async\" width=\"150\" height=\"150\" data-wp-class--hide=\"state.isContentHidden\" data-wp-class--show=\"state.isContentVisible\" data-wp-init=\"callbacks.setButtonStyles\" data-wp-on--click=\"actions.showLightbox\" data-wp-on--load=\"callbacks.setButtonStyles\" data-wp-on-window--resize=\"callbacks.setButtonStyles\" src=\"https:\/\/www.rezeau.org\/wp-jacqueline\/wp-content\/uploads\/2023\/01\/vaseblancroses-150x150.jpg\" alt=\"\" class=\"wp-image-485\" srcset=\"https:\/\/www.rezeau.org\/wp-jacqueline\/wp-content\/uploads\/2023\/01\/vaseblancroses-150x150.jpg 150w, https:\/\/www.rezeau.org\/wp-jacqueline\/wp-content\/uploads\/2023\/01\/vaseblancroses-300x300.jpg 300w, https:\/\/www.rezeau.org\/wp-jacqueline\/wp-content\/uploads\/2023\/01\/vaseblancroses.jpg 500w\" sizes=\"auto, (max-width: 150px) 100vw, 150px\" \/><button\n\t\t\tclass=\"lightbox-trigger\"\n\t\t\ttype=\"button\"\n\t\t\taria-haspopup=\"dialog\"\n\t\t\taria-label=\"Enlarge\"\n\t\t\tdata-wp-init=\"callbacks.initTriggerButton\"\n\t\t\tdata-wp-on--click=\"actions.showLightbox\"\n\t\t\tdata-wp-style--right=\"state.imageButtonRight\"\n\t\t\tdata-wp-style--top=\"state.imageButtonTop\"\n\t\t>\n\t\t\t<svg xmlns=\"http:\/\/www.w3.org\/2000\/svg\" width=\"12\" height=\"12\" fill=\"none\" viewBox=\"0 0 12 12\">\n\t\t\t\t<path fill=\"#fff\" d=\"M2 0a2 2 0 0 0-2 2v2h1.5V2a.5.5 0 0 1 .5-.5h2V0H2Zm2 10.5H2a.5.5 0 0 1-.5-.5V8H0v2a2 2 0 0 0 2 2h2v-1.5ZM8 12v-1.5h2a.5.5 0 0 0 .5-.5V8H12v2a2 2 0 0 1-2 2H8Zm2-12a2 2 0 0 1 2 2v2h-1.5V2a.5.5 0 0 0-.5-.5H8V0h2Z\" \/>\n\t\t\t<\/svg>\n\t\t<\/button><\/figure>\n<\/div>\n\n\n<p>Les \u00e9maux que j\u2019utilise pour la vaisselle sont \u00ab alimentaires \u00bb, mais il y en a qui contiennent des m\u00e9taux lourds et qui ne conviennent que pour des pi\u00e8ces d\u00e9coratives. Si l\u2019argile n\u2019est pas \u00e9maill\u00e9e, elle n\u2019est pas \u00e9tanche, mais il est possible de la rendre \u00e9tanche en la traitant avec une r\u00e9sine en solution \u2013 quand le solvant s\u2019\u00e9vapore, la r\u00e9sine est imperm\u00e9able, mais la pi\u00e8ce ne convient pas alors pour le contact alimentaire.<\/p>\n","protected":false},"excerpt":{"rendered":"<p>L\u2019\u00e9mail, dont le composant essentiel est la silice, fond vers 1000 degr\u00e9s.<br \/>\nIl se pr\u00e9sente sous la forme d\u2019une suspension et s\u2019applique au pinceau, au pistolet ou par trempage sur une pi\u00e8ce biscuit\u00e9e.<\/p>\n","protected":false},"author":1,"featured_media":0,"parent":0,"menu_order":0,"comment_status":"closed","ping_status":"closed","template":"","meta":{"ngg_post_thumbnail":0,"footnotes":""},"categories":[19,16],"tags":[],"class_list":["post-701","page","type-page","status-publish","hentry","category-poterie","category-techniques"],"_links":{"self":[{"href":"https:\/\/www.rezeau.org\/wp-jacqueline\/wp-json\/wp\/v2\/pages\/701","targetHints":{"allow":["GET"]}}],"collection":[{"href":"https:\/\/www.rezeau.org\/wp-jacqueline\/wp-json\/wp\/v2\/pages"}],"about":[{"href":"https:\/\/www.rezeau.org\/wp-jacqueline\/wp-json\/wp\/v2\/types\/page"}],"author":[{"embeddable":true,"href":"https:\/\/www.rezeau.org\/wp-jacqueline\/wp-json\/wp\/v2\/users\/1"}],"replies":[{"embeddable":true,"href":"https:\/\/www.rezeau.org\/wp-jacqueline\/wp-json\/wp\/v2\/comments?post=701"}],"version-history":[{"count":3,"href":"https:\/\/www.rezeau.org\/wp-jacqueline\/wp-json\/wp\/v2\/pages\/701\/revisions"}],"predecessor-version":[{"id":1029,"href":"https:\/\/www.rezeau.org\/wp-jacqueline\/wp-json\/wp\/v2\/pages\/701\/revisions\/1029"}],"wp:attachment":[{"href":"https:\/\/www.rezeau.org\/wp-jacqueline\/wp-json\/wp\/v2\/media?parent=701"}],"wp:term":[{"taxonomy":"category","embeddable":true,"href":"https:\/\/www.rezeau.org\/wp-jacqueline\/wp-json\/wp\/v2\/categories?post=701"},{"taxonomy":"post_tag","embeddable":true,"href":"https:\/\/www.rezeau.org\/wp-jacqueline\/wp-json\/wp\/v2\/tags?post=701"}],"curies":[{"name":"wp","href":"https:\/\/api.w.org\/{rel}","templated":true}]}}