{"id":705,"date":"2023-01-10T16:50:54","date_gmt":"2023-01-10T15:50:54","guid":{"rendered":"https:\/\/www.rezeau.org\/wp-jacqueline\/?page_id=705"},"modified":"2023-01-10T16:50:54","modified_gmt":"2023-01-10T15:50:54","slug":"engobage-et-mesures","status":"publish","type":"page","link":"https:\/\/www.rezeau.org\/wp-jacqueline\/engobage-et-mesures\/","title":{"rendered":"Engobage et mesures"},"content":{"rendered":"\n<p>Quand l\u2019oeuf est arriv\u00e9 \u00e0 la consistance cuir, il faut penser \u00e0 percer un petit trou au fond pour \u00e9viter l\u2019\u00e9clatement \u00e0 la cuisson.<\/p>\n\n\n<div class=\"soliloquy-outer-container\" data-soliloquy-loaded=\"0\"><div aria-live=\"polite\" id=\"soliloquy-container-529\" class=\"soliloquy-container soliloquy-transition-fade soliloquy-fade soliloquy-controls-active soliloquy-arrows-active soliloquy-pauseplay-active  soliloquy-theme-classic\" style=\"max-width:540px;max-height:360px;margin:0 auto 20px;\"><ul id=\"soliloquy-529\" class=\"soliloquy-slider soliloquy-slides soliloquy-wrap soliloquy-clear\"><li aria-hidden=\"true\" class=\"soliloquy-item soliloquy-item-1 soliloquy-id-364 soliloquy-image-slide\" draggable=\"false\" style=\"list-style:none;\"><img decoding=\"async\" id=\"soliloquy-image-364\" class=\"soliloquy-image soliloquy-image-1\" src=\"https:\/\/www.rezeau.org\/wp-jacqueline\/wp-content\/uploads\/2023\/01\/IMGP2787.jpg\" alt=\"IMGP2787\" \/><\/li><li aria-hidden=\"true\" class=\"soliloquy-item soliloquy-item-2 soliloquy-id-363 soliloquy-image-slide\" draggable=\"false\" style=\"list-style:none;\"><img decoding=\"async\" id=\"soliloquy-image-363\" class=\"soliloquy-image soliloquy-image-2 soliloquy-preload\" src=\"https:\/\/www.rezeau.org\/wp-jacqueline\/wp-content\/plugins\/soliloquy\/assets\/css\/images\/holder.gif\" data-soliloquy-src=\"https:\/\/www.rezeau.org\/wp-jacqueline\/wp-content\/uploads\/2023\/01\/IMGP2788.jpg\" alt=\"IMGP2788\" \/><\/li><li aria-hidden=\"true\" class=\"soliloquy-item soliloquy-item-3 soliloquy-id-362 soliloquy-image-slide\" draggable=\"false\" style=\"list-style:none;\"><img decoding=\"async\" id=\"soliloquy-image-362\" class=\"soliloquy-image soliloquy-image-3 soliloquy-preload\" src=\"https:\/\/www.rezeau.org\/wp-jacqueline\/wp-content\/plugins\/soliloquy\/assets\/css\/images\/holder.gif\" data-soliloquy-src=\"https:\/\/www.rezeau.org\/wp-jacqueline\/wp-content\/uploads\/2023\/01\/IMGP2789.jpg\" alt=\"IMGP2789\" \/><\/li><li aria-hidden=\"true\" class=\"soliloquy-item soliloquy-item-4 soliloquy-id-361 soliloquy-image-slide\" draggable=\"false\" style=\"list-style:none;\"><img decoding=\"async\" id=\"soliloquy-image-361\" class=\"soliloquy-image soliloquy-image-4 soliloquy-preload\" src=\"https:\/\/www.rezeau.org\/wp-jacqueline\/wp-content\/plugins\/soliloquy\/assets\/css\/images\/holder.gif\" data-soliloquy-src=\"https:\/\/www.rezeau.org\/wp-jacqueline\/wp-content\/uploads\/2023\/01\/IMGP2790.jpg\" alt=\"IMGP2790\" \/><\/li><li aria-hidden=\"true\" class=\"soliloquy-item soliloquy-item-5 soliloquy-id-373 soliloquy-image-slide\" draggable=\"false\" style=\"list-style:none;\"><img decoding=\"async\" id=\"soliloquy-image-373\" class=\"soliloquy-image soliloquy-image-5 soliloquy-preload\" src=\"https:\/\/www.rezeau.org\/wp-jacqueline\/wp-content\/plugins\/soliloquy\/assets\/css\/images\/holder.gif\" data-soliloquy-src=\"https:\/\/www.rezeau.org\/wp-jacqueline\/wp-content\/uploads\/2023\/01\/IMGP2791.jpg\" alt=\"IMGP2791\" \/><\/li><li aria-hidden=\"true\" class=\"soliloquy-item soliloquy-item-6 soliloquy-id-372 soliloquy-image-slide\" draggable=\"false\" style=\"list-style:none;\"><img decoding=\"async\" id=\"soliloquy-image-372\" class=\"soliloquy-image soliloquy-image-6 soliloquy-preload\" src=\"https:\/\/www.rezeau.org\/wp-jacqueline\/wp-content\/plugins\/soliloquy\/assets\/css\/images\/holder.gif\" data-soliloquy-src=\"https:\/\/www.rezeau.org\/wp-jacqueline\/wp-content\/uploads\/2023\/01\/IMGP2797.jpg\" alt=\"IMGP2797\" \/><\/li><li aria-hidden=\"true\" class=\"soliloquy-item soliloquy-item-7 soliloquy-id-371 soliloquy-image-slide\" draggable=\"false\" style=\"list-style:none;\"><img decoding=\"async\" id=\"soliloquy-image-371\" class=\"soliloquy-image soliloquy-image-7 soliloquy-preload\" src=\"https:\/\/www.rezeau.org\/wp-jacqueline\/wp-content\/plugins\/soliloquy\/assets\/css\/images\/holder.gif\" data-soliloquy-src=\"https:\/\/www.rezeau.org\/wp-jacqueline\/wp-content\/uploads\/2023\/01\/IMGP2805.jpg\" alt=\"IMGP2805\" \/><\/li><li aria-hidden=\"true\" class=\"soliloquy-item soliloquy-item-8 soliloquy-id-370 soliloquy-image-slide\" draggable=\"false\" style=\"list-style:none;\"><img decoding=\"async\" id=\"soliloquy-image-370\" class=\"soliloquy-image soliloquy-image-8 soliloquy-preload\" src=\"https:\/\/www.rezeau.org\/wp-jacqueline\/wp-content\/plugins\/soliloquy\/assets\/css\/images\/holder.gif\" data-soliloquy-src=\"https:\/\/www.rezeau.org\/wp-jacqueline\/wp-content\/uploads\/2023\/01\/IMGP2808.jpg\" alt=\"IMGP2808\" \/><\/li><li aria-hidden=\"true\" class=\"soliloquy-item soliloquy-item-9 soliloquy-id-369 soliloquy-image-slide\" draggable=\"false\" style=\"list-style:none;\"><img decoding=\"async\" id=\"soliloquy-image-369\" class=\"soliloquy-image soliloquy-image-9 soliloquy-preload\" src=\"https:\/\/www.rezeau.org\/wp-jacqueline\/wp-content\/plugins\/soliloquy\/assets\/css\/images\/holder.gif\" data-soliloquy-src=\"https:\/\/www.rezeau.org\/wp-jacqueline\/wp-content\/uploads\/2023\/01\/IMGP2810.jpg\" alt=\"IMGP2810\" \/><\/li><li aria-hidden=\"true\" class=\"soliloquy-item soliloquy-item-10 soliloquy-id-368 soliloquy-image-slide\" draggable=\"false\" style=\"list-style:none;\"><img decoding=\"async\" id=\"soliloquy-image-368\" class=\"soliloquy-image soliloquy-image-10 soliloquy-preload\" src=\"https:\/\/www.rezeau.org\/wp-jacqueline\/wp-content\/plugins\/soliloquy\/assets\/css\/images\/holder.gif\" data-soliloquy-src=\"https:\/\/www.rezeau.org\/wp-jacqueline\/wp-content\/uploads\/2023\/01\/IMGP2812.jpg\" alt=\"IMGP2812\" \/><\/li><li aria-hidden=\"true\" class=\"soliloquy-item soliloquy-item-11 soliloquy-id-367 soliloquy-image-slide\" draggable=\"false\" style=\"list-style:none;\"><img decoding=\"async\" id=\"soliloquy-image-367\" class=\"soliloquy-image soliloquy-image-11 soliloquy-preload\" src=\"https:\/\/www.rezeau.org\/wp-jacqueline\/wp-content\/plugins\/soliloquy\/assets\/css\/images\/holder.gif\" data-soliloquy-src=\"https:\/\/www.rezeau.org\/wp-jacqueline\/wp-content\/uploads\/2023\/01\/IMGP2814.jpg\" alt=\"IMGP2814\" \/><\/li><li aria-hidden=\"true\" class=\"soliloquy-item soliloquy-item-12 soliloquy-id-366 soliloquy-image-slide\" draggable=\"false\" style=\"list-style:none;\"><img decoding=\"async\" id=\"soliloquy-image-366\" class=\"soliloquy-image soliloquy-image-12 soliloquy-preload\" src=\"https:\/\/www.rezeau.org\/wp-jacqueline\/wp-content\/plugins\/soliloquy\/assets\/css\/images\/holder.gif\" data-soliloquy-src=\"https:\/\/www.rezeau.org\/wp-jacqueline\/wp-content\/uploads\/2023\/01\/IMGP2815.jpg\" alt=\"IMGP2815\" \/><\/li><li aria-hidden=\"true\" class=\"soliloquy-item soliloquy-item-13 soliloquy-id-365 soliloquy-image-slide\" draggable=\"false\" style=\"list-style:none;\"><img decoding=\"async\" id=\"soliloquy-image-365\" class=\"soliloquy-image soliloquy-image-13 soliloquy-preload\" src=\"https:\/\/www.rezeau.org\/wp-jacqueline\/wp-content\/plugins\/soliloquy\/assets\/css\/images\/holder.gif\" data-soliloquy-src=\"https:\/\/www.rezeau.org\/wp-jacqueline\/wp-content\/uploads\/2023\/01\/IMGP2818.jpg\" alt=\"IMGP2818\" \/><\/li><\/ul><\/div><noscript><style type=\"text\/css\" scoped>#soliloquy-container-529{opacity:1}#soliloquy-container-529 li > .soliloquy-caption{display:none}#soliloquy-container-529 li:first-child > .soliloquy-caption{display:block}<\/style><div class=\"soliloquy-no-js\" style=\"display:none;visibility:hidden;height:0;line-height:0;opacity:0;\"><img decoding=\"async\" class=\"soliloquy-image soliloquy-no-js-image\" src=\"https:\/\/www.rezeau.org\/wp-jacqueline\/wp-content\/uploads\/2023\/01\/IMGP2787.jpg\" alt=\"IMGP2787\" \/><img decoding=\"async\" class=\"soliloquy-image soliloquy-no-js-image\" src=\"https:\/\/www.rezeau.org\/wp-jacqueline\/wp-content\/uploads\/2023\/01\/IMGP2788.jpg\" alt=\"IMGP2788\" \/><img decoding=\"async\" class=\"soliloquy-image soliloquy-no-js-image\" src=\"https:\/\/www.rezeau.org\/wp-jacqueline\/wp-content\/uploads\/2023\/01\/IMGP2789.jpg\" alt=\"IMGP2789\" \/><img decoding=\"async\" class=\"soliloquy-image soliloquy-no-js-image\" src=\"https:\/\/www.rezeau.org\/wp-jacqueline\/wp-content\/uploads\/2023\/01\/IMGP2790.jpg\" alt=\"IMGP2790\" \/><img decoding=\"async\" class=\"soliloquy-image soliloquy-no-js-image\" src=\"https:\/\/www.rezeau.org\/wp-jacqueline\/wp-content\/uploads\/2023\/01\/IMGP2791.jpg\" alt=\"IMGP2791\" \/><img decoding=\"async\" class=\"soliloquy-image soliloquy-no-js-image\" src=\"https:\/\/www.rezeau.org\/wp-jacqueline\/wp-content\/uploads\/2023\/01\/IMGP2797.jpg\" alt=\"IMGP2797\" \/><img decoding=\"async\" class=\"soliloquy-image soliloquy-no-js-image\" src=\"https:\/\/www.rezeau.org\/wp-jacqueline\/wp-content\/uploads\/2023\/01\/IMGP2805.jpg\" alt=\"IMGP2805\" \/><img decoding=\"async\" class=\"soliloquy-image soliloquy-no-js-image\" src=\"https:\/\/www.rezeau.org\/wp-jacqueline\/wp-content\/uploads\/2023\/01\/IMGP2808.jpg\" alt=\"IMGP2808\" \/><img decoding=\"async\" class=\"soliloquy-image soliloquy-no-js-image\" src=\"https:\/\/www.rezeau.org\/wp-jacqueline\/wp-content\/uploads\/2023\/01\/IMGP2810.jpg\" alt=\"IMGP2810\" \/><img decoding=\"async\" class=\"soliloquy-image soliloquy-no-js-image\" src=\"https:\/\/www.rezeau.org\/wp-jacqueline\/wp-content\/uploads\/2023\/01\/IMGP2812.jpg\" alt=\"IMGP2812\" \/><img decoding=\"async\" class=\"soliloquy-image soliloquy-no-js-image\" src=\"https:\/\/www.rezeau.org\/wp-jacqueline\/wp-content\/uploads\/2023\/01\/IMGP2814.jpg\" alt=\"IMGP2814\" \/><img decoding=\"async\" class=\"soliloquy-image soliloquy-no-js-image\" src=\"https:\/\/www.rezeau.org\/wp-jacqueline\/wp-content\/uploads\/2023\/01\/IMGP2815.jpg\" alt=\"IMGP2815\" \/><img decoding=\"async\" class=\"soliloquy-image soliloquy-no-js-image\" src=\"https:\/\/www.rezeau.org\/wp-jacqueline\/wp-content\/uploads\/2023\/01\/IMGP2818.jpg\" alt=\"IMGP2818\" \/><\/div><\/noscript><\/div>\n","protected":false},"excerpt":{"rendered":"<p>Quand l\u2019oeuf est arriv\u00e9 \u00e0 la consistance cuir, il faut penser \u00e0 percer un petit trou au fond pour \u00e9viter l\u2019\u00e9clatement \u00e0 la cuisson.<\/p>\n","protected":false},"author":1,"featured_media":0,"parent":0,"menu_order":0,"comment_status":"closed","ping_status":"closed","template":"","meta":{"ngg_post_thumbnail":0,"footnotes":""},"categories":[18,16],"tags":[],"class_list":["post-705","page","type-page","status-publish","hentry","category-diaporamas-poterie","category-techniques"],"_links":{"self":[{"href":"https:\/\/www.rezeau.org\/wp-jacqueline\/wp-json\/wp\/v2\/pages\/705","targetHints":{"allow":["GET"]}}],"collection":[{"href":"https:\/\/www.rezeau.org\/wp-jacqueline\/wp-json\/wp\/v2\/pages"}],"about":[{"href":"https:\/\/www.rezeau.org\/wp-jacqueline\/wp-json\/wp\/v2\/types\/page"}],"author":[{"embeddable":true,"href":"https:\/\/www.rezeau.org\/wp-jacqueline\/wp-json\/wp\/v2\/users\/1"}],"replies":[{"embeddable":true,"href":"https:\/\/www.rezeau.org\/wp-jacqueline\/wp-json\/wp\/v2\/comments?post=705"}],"version-history":[{"count":1,"href":"https:\/\/www.rezeau.org\/wp-jacqueline\/wp-json\/wp\/v2\/pages\/705\/revisions"}],"predecessor-version":[{"id":706,"href":"https:\/\/www.rezeau.org\/wp-jacqueline\/wp-json\/wp\/v2\/pages\/705\/revisions\/706"}],"wp:attachment":[{"href":"https:\/\/www.rezeau.org\/wp-jacqueline\/wp-json\/wp\/v2\/media?parent=705"}],"wp:term":[{"taxonomy":"category","embeddable":true,"href":"https:\/\/www.rezeau.org\/wp-jacqueline\/wp-json\/wp\/v2\/categories?post=705"},{"taxonomy":"post_tag","embeddable":true,"href":"https:\/\/www.rezeau.org\/wp-jacqueline\/wp-json\/wp\/v2\/tags?post=705"}],"curies":[{"name":"wp","href":"https:\/\/api.w.org\/{rel}","templated":true}]}}