{"id":713,"date":"2023-01-10T18:24:39","date_gmt":"2023-01-10T17:24:39","guid":{"rendered":"https:\/\/www.rezeau.org\/wp-jacqueline\/?page_id=713"},"modified":"2023-01-10T18:26:40","modified_gmt":"2023-01-10T17:26:40","slug":"librairie","status":"publish","type":"page","link":"https:\/\/www.rezeau.org\/wp-jacqueline\/librairie\/","title":{"rendered":"Librairie"},"content":{"rendered":"\n<p><em>Cliquez sur les vignettes<\/em> pour feuilleter les livres.<\/p>\n\n\n\n<p>Livre de mes c\u00e9ramiques de 2003 \u00e0 2011 chez Blurb (120 pages, 175 photos).<\/p>\n\n\n\n<figure class=\"wp-block-image is-resized\"><a href=\"https:\/\/www.blurb.fr\/b\/2263749-c-ramiques-2003-2011\"><img loading=\"lazy\" decoding=\"async\" src=\"https:\/\/bookshow.blurb.com\/bookshow\/cache\/P3081888\/md\/cover_2.jpeg?access_key=e576e12389c9c02c55c829788e965ec0\" alt=\"\" width=\"317\" height=\"387\"\/><\/a><\/figure>\n\n\n\n<div style=\"height:3px\" aria-hidden=\"true\" class=\"wp-block-spacer\"><\/div>\n\n\n\n<p>Livre de mes c\u00e9ramiques en sgraffite noir et blanc chez Blurb (46 pages, 40 photos).<\/p>\n\n\n\n<figure class=\"wp-block-image is-resized\"><a href=\"https:\/\/www.blurb.fr\/b\/2009026-sgraffite\"><img loading=\"lazy\" decoding=\"async\" src=\"https:\/\/bookshow.blurb.com\/bookshow\/cache\/P2763550\/md\/cover_2.jpeg?access_key=5abe0f2166f242f8b7d02a04aea5a5f1\" alt=\"\" width=\"321\" height=\"391\"\/><\/a><\/figure>\n","protected":false},"excerpt":{"rendered":"<p>Cliquez sur les vignettes pour feuilleter les livres. Livre de mes c\u00e9ramiques de 2003 \u00e0 2011 chez Blurb (120 pages, 175 photos). Livre de mes c\u00e9ramiques en sgraffite noir et blanc chez Blurb (46 pages, 40 photos).<\/p>\n","protected":false},"author":1,"featured_media":0,"parent":0,"menu_order":0,"comment_status":"closed","ping_status":"closed","template":"","meta":{"ngg_post_thumbnail":0,"footnotes":""},"categories":[],"tags":[],"class_list":["post-713","page","type-page","status-publish","hentry"],"_links":{"self":[{"href":"https:\/\/www.rezeau.org\/wp-jacqueline\/wp-json\/wp\/v2\/pages\/713","targetHints":{"allow":["GET"]}}],"collection":[{"href":"https:\/\/www.rezeau.org\/wp-jacqueline\/wp-json\/wp\/v2\/pages"}],"about":[{"href":"https:\/\/www.rezeau.org\/wp-jacqueline\/wp-json\/wp\/v2\/types\/page"}],"author":[{"embeddable":true,"href":"https:\/\/www.rezeau.org\/wp-jacqueline\/wp-json\/wp\/v2\/users\/1"}],"replies":[{"embeddable":true,"href":"https:\/\/www.rezeau.org\/wp-jacqueline\/wp-json\/wp\/v2\/comments?post=713"}],"version-history":[{"count":3,"href":"https:\/\/www.rezeau.org\/wp-jacqueline\/wp-json\/wp\/v2\/pages\/713\/revisions"}],"predecessor-version":[{"id":716,"href":"https:\/\/www.rezeau.org\/wp-jacqueline\/wp-json\/wp\/v2\/pages\/713\/revisions\/716"}],"wp:attachment":[{"href":"https:\/\/www.rezeau.org\/wp-jacqueline\/wp-json\/wp\/v2\/media?parent=713"}],"wp:term":[{"taxonomy":"category","embeddable":true,"href":"https:\/\/www.rezeau.org\/wp-jacqueline\/wp-json\/wp\/v2\/categories?post=713"},{"taxonomy":"post_tag","embeddable":true,"href":"https:\/\/www.rezeau.org\/wp-jacqueline\/wp-json\/wp\/v2\/tags?post=713"}],"curies":[{"name":"wp","href":"https:\/\/api.w.org\/{rel}","templated":true}]}}