{"id":717,"date":"2023-01-10T18:29:35","date_gmt":"2023-01-10T17:29:35","guid":{"rendered":"https:\/\/www.rezeau.org\/wp-jacqueline\/?page_id=717"},"modified":"2023-01-14T15:42:54","modified_gmt":"2023-01-14T14:42:54","slug":"liens","status":"publish","type":"page","link":"https:\/\/www.rezeau.org\/wp-jacqueline\/liens\/","title":{"rendered":"Liens"},"content":{"rendered":"\n<h2 class=\"wp-block-heading\">Amis &amp; artistes<\/h2>\n\n\n\n<figure class=\"wp-block-table is-style-stripes\"><table><tbody><tr><td><img loading=\"lazy\" decoding=\"async\" width=\"48\" height=\"48\" class=\"wp-image-854\" style=\"width: 48px;\" src=\"https:\/\/www.rezeau.org\/wp-jacqueline\/wp-content\/uploads\/2023\/01\/cali.jpg\" alt=\"\"><\/td><td>  <a href=\"http:\/\/www.calirezo.com\/\" target=\"_blank\" rel=\"noreferrer noopener\">Cali Rezo<\/a><br>Une graphiste inspir\u00e9e<\/td><td><img decoding=\"async\" src=\"https:\/\/www.rezeau.org\/wp-jacqueline\/wp-content\/uploads\/2023\/01\/site_deville.jpg\" alt=\"\"><\/td><td>  <a rel=\"noreferrer noopener\" href=\"http:\/\/www.deville-chabrolle.com\/\" data-type=\"URL\" data-id=\"http:\/\/www.deville-chabrolle.com\/\" target=\"_blank\">M.-P. Deville-Chabrolle<\/a><br>Journal d\u2019atelier d\u2019un sculpteur et peintre de grand talent<\/td><\/tr><tr><td><img loading=\"lazy\" decoding=\"async\" width=\"48\" height=\"48\" class=\"wp-image-844\" style=\"width: 48px;\" src=\"https:\/\/www.rezeau.org\/wp-jacqueline\/wp-content\/uploads\/2023\/01\/logo1.png\" alt=\"\" srcset=\"https:\/\/www.rezeau.org\/wp-jacqueline\/wp-content\/uploads\/2023\/01\/logo1.png 256w, https:\/\/www.rezeau.org\/wp-jacqueline\/wp-content\/uploads\/2023\/01\/logo1-150x150.png 150w\" sizes=\"auto, (max-width: 48px) 100vw, 48px\" \/><\/td><td> <a href=\"http:\/\/www.minapecheux.com\/\" target=\"_blank\" rel=\"noreferrer noopener\">Mina<\/a><br>Une petite-fille pleine de talent<\/td><td><img loading=\"lazy\" decoding=\"async\" width=\"48\" height=\"48\" class=\"wp-image-783\" style=\"width: 48px;\" src=\"https:\/\/www.rezeau.org\/wp-jacqueline\/wp-content\/uploads\/2023\/01\/site_coquelet.jpg\" alt=\"\"><\/td><td><a href=\"http:\/\/thierrycoquelet.blogspot.com\/\" target=\"_blank\" rel=\"noreferrer noopener\">Les utopies parall\u00e8les<\/a><br>Thierry Coquelet, dessinateur ta\u00adlen\u00adtu\u00adeux et plein d\u2019humour<\/td><\/tr><tr><td><img loading=\"lazy\" decoding=\"async\" width=\"48\" height=\"48\" class=\"wp-image-856\" style=\"width: 48px;\" src=\"https:\/\/www.rezeau.org\/wp-jacqueline\/wp-content\/uploads\/2023\/01\/joseph.jpg\" alt=\"\"><\/td><td><a href=\"http:\/\/photo.rezeau.org\/\" target=\"_blank\" rel=\"noreferrer noopener\">Photos de Joseph<\/a><br>Surtout des macro-photographies<\/td><td><img loading=\"lazy\" decoding=\"async\" width=\"48\" height=\"48\" class=\"wp-image-798\" style=\"width: 48px;\" src=\"https:\/\/www.rezeau.org\/wp-jacqueline\/wp-content\/uploads\/2023\/01\/site_isabelledeborchgrave.jpg\" alt=\"\"><\/td><td><a href=\"https:\/\/isabelledeborchgrave.com\/\" target=\"_blank\" rel=\"noreferrer noopener\">Isabelle de Borchgrave<br><\/a>De magnifiques cr\u00e9ations en papier<\/td><\/tr><tr><td><img loading=\"lazy\" decoding=\"async\" width=\"48\" height=\"48\" class=\"wp-image-791\" style=\"width: 48px;\" src=\"https:\/\/www.rezeau.org\/wp-jacqueline\/wp-content\/uploads\/2023\/01\/site_florejr.jpg\" alt=\"\"><\/td><td><a href=\"http:\/\/flore.rezeau.org\/\" target=\"_blank\" rel=\"noreferrer noopener\">Flore de Montfort-sur-Meu<\/a><\/td><td><img loading=\"lazy\" decoding=\"async\" width=\"48\" height=\"47\" class=\"wp-image-761\" style=\"width: 48px;\" src=\"https:\/\/www.rezeau.org\/wp-jacqueline\/wp-content\/uploads\/2023\/01\/paulina.jpg\" alt=\"\"><\/td><td><a href=\"https:\/\/www.instagram.com\/paulina.okurowska\/\" target=\"_blank\" rel=\"noreferrer noopener\">Paulina Okurowska<\/a> (Instagram)<br>Mosa\u00cfque contemporaine (superbe)<\/td><\/tr><tr><td><img loading=\"lazy\" decoding=\"async\" width=\"48\" height=\"48\" class=\"wp-image-790\" style=\"width: 48px;\" src=\"https:\/\/www.rezeau.org\/wp-jacqueline\/wp-content\/uploads\/2023\/01\/site_flao.jpg\" alt=\"\"><\/td><td><a href=\"http:\/\/cargocollective.com\/isaflao\" target=\"_blank\" rel=\"noreferrer noopener\">Isabelle Flahaut<\/a><br>Sculpteur Pont Scorff Morbihan<\/td><td><\/td><td><\/td><\/tr><\/tbody><\/table><\/figure>\n\n\n\n<h2 class=\"wp-block-heading\">Potiers \u2013 c\u00e9ramistes<\/h2>\n\n\n\n<figure class=\"wp-block-table is-style-stripes\"><table><tbody><tr><td><img loading=\"lazy\" decoding=\"async\" width=\"48\" height=\"48\" class=\"wp-image-833\" style=\"width: 48px;\" src=\"https:\/\/www.rezeau.org\/wp-jacqueline\/wp-content\/uploads\/2023\/01\/site_seigneur.jpg\" alt=\"\"><\/td><td><a href=\"http:\/\/www.coralieseigneur.com\/\" target=\"_blank\" rel=\"noreferrer noopener\">Coralie Seigneur<\/a><br>Terres polies enfum\u00e9es<\/td><td><img loading=\"lazy\" decoding=\"async\" width=\"48\" height=\"48\" class=\"wp-image-861\" style=\"width: 48px;\" src=\"https:\/\/www.rezeau.org\/wp-jacqueline\/wp-content\/uploads\/2023\/01\/site_nadine_lebas-1.jpg\" alt=\"\"><\/td><td><a href=\"http:\/\/www.nadine-lebas-ceramique.odexpo.com\/\" target=\"_blank\" rel=\"noreferrer noopener\">N. Lebas Terra\u2019Sig c\u00e9ramiques<\/a><\/td><\/tr><tr><td><img loading=\"lazy\" decoding=\"async\" width=\"48\" height=\"48\" class=\"wp-image-794\" style=\"width: 48px;\" src=\"https:\/\/www.rezeau.org\/wp-jacqueline\/wp-content\/uploads\/2023\/01\/site_goldman.jpg\" alt=\"\"><\/td><td><a href=\"http:\/\/www.annegoldmanceramics.com\/homepage.html\" target=\"_blank\" rel=\"noreferrer noopener\">Anne Goldman<\/a><br>C\u00e9ramiste inspir\u00e9e par la nature<\/td><td><img loading=\"lazy\" decoding=\"async\" width=\"48\" height=\"48\" class=\"wp-image-803\" style=\"width: 48px;\" src=\"https:\/\/www.rezeau.org\/wp-jacqueline\/wp-content\/uploads\/2023\/01\/site_latheiereetlebol.jpg\" alt=\"\"><\/td><td><a href=\"https:\/\/www.facebook.com\/luangraththierry\" target=\"_blank\" rel=\"noreferrer noopener\">Thierry Luang Rath<\/a><\/td><\/tr><tr><td><img loading=\"lazy\" decoding=\"async\" width=\"48\" height=\"48\" class=\"wp-image-813\" style=\"width: 48px;\" src=\"https:\/\/www.rezeau.org\/wp-jacqueline\/wp-content\/uploads\/2023\/01\/site_McCurdy.jpg\" alt=\"\"><\/td><td><a href=\"http:\/\/www.jennifermccurdy.com\/index.shtml\" target=\"_blank\" rel=\"noreferrer noopener\">Jennifer McCurdy<\/a><br>Porcelaine d\u2019une l\u00e9g\u00e8ret\u00e9 extraordinaire<\/td><td><img loading=\"lazy\" decoding=\"async\" width=\"58\" height=\"48\" class=\"wp-image-930\" style=\"width: 58px;\" src=\"https:\/\/www.rezeau.org\/wp-jacqueline\/wp-content\/uploads\/2023\/01\/site_schlagenhauf-1.jpg\" alt=\"\"><\/td><td><a href=\"http:\/\/www.schlagenhauf-ceramique.com\/\" target=\"_blank\" rel=\"noreferrer noopener\">Daniela Schlagenhauf<\/a><\/td><\/tr><tr><td><img loading=\"lazy\" decoding=\"async\" width=\"48\" height=\"48\" class=\"wp-image-830\" style=\"width: 48px;\" src=\"https:\/\/www.rezeau.org\/wp-jacqueline\/wp-content\/uploads\/2023\/01\/site_Rylatt.jpg\" alt=\"\"><\/td><td><a href=\"http:\/\/rylatt.co.uk\/ian-rylatt\" target=\"_blank\" rel=\"noreferrer noopener\">Ian Rylatt<\/a><\/td><td><img loading=\"lazy\" decoding=\"async\" width=\"50\" height=\"50\" class=\"wp-image-932\" style=\"width: 50px;\" src=\"https:\/\/www.rezeau.org\/wp-jacqueline\/wp-content\/uploads\/2023\/01\/site_alistair_danhieux-1.jpg\" alt=\"\"><\/td><td><a href=\"https:\/\/www.alistairceramics.com\/\" target=\"_blank\" rel=\"noreferrer noopener\">Alistair Danhieux<\/a><br>Sigill\u00e9e et cuissons \u00e0 effets<\/td><\/tr><tr><td><img loading=\"lazy\" decoding=\"async\" width=\"48\" height=\"48\" class=\"wp-image-841\" style=\"width: 48px;\" src=\"https:\/\/www.rezeau.org\/wp-jacqueline\/wp-content\/uploads\/2023\/01\/site_Wagenaar.jpg\" alt=\"\"><\/td><td><a href=\"http:\/\/www.lt-w.com\/\" target=\"_blank\" rel=\"noreferrer noopener\">Caroline Wagenaar<\/a><br>Gr\u00e8s et m\u00e9tal<\/td><td><img loading=\"lazy\" decoding=\"async\" width=\"48\" height=\"48\" class=\"wp-image-771\" style=\"width: 48px;\" src=\"https:\/\/www.rezeau.org\/wp-jacqueline\/wp-content\/uploads\/2023\/01\/site_artgraine.jpg\" alt=\"\"><\/td><td><a href=\"http:\/\/www.artgraine.net\/\" target=\"_blank\" rel=\"noreferrer noopener\">S\u00e9verine Cadier<\/a><br>Sculptures en c\u00e9ramique de graines g\u00e9antes<\/td><\/tr><tr><td><img loading=\"lazy\" decoding=\"async\" width=\"48\" height=\"48\" class=\"wp-image-936\" style=\"width: 48px;\" src=\"https:\/\/www.rezeau.org\/wp-jacqueline\/wp-content\/uploads\/2023\/01\/jerome1.jpg\" alt=\"\"><\/td><td><a href=\"https:\/\/la-poterie-des-chemins-creux.fr\/\" target=\"_blank\" rel=\"noreferrer noopener\">La poterie des chemins creux<\/a><br>J\u00e9r\u00f4me, un g\u00e9nial potier-arch\u00e9ologue en Broc\u00e9liande&nbsp;!<\/td><td><img loading=\"lazy\" decoding=\"async\" width=\"66\" height=\"50\" class=\"wp-image-939\" style=\"width: 66px;\" src=\"https:\/\/www.rezeau.org\/wp-jacqueline\/wp-content\/uploads\/2023\/01\/site_Anima-Roos-1.jpg\" alt=\"\"><\/td><td><a href=\"http:\/\/www.animaroos.be\/\" target=\"_blank\" rel=\"noreferrer noopener\">C\u00e9ramique Anima Roos<\/a><\/td><\/tr><tr><td><img loading=\"lazy\" decoding=\"async\" width=\"48\" height=\"48\" class=\"wp-image-820\" style=\"width: 48px;\" src=\"https:\/\/www.rezeau.org\/wp-jacqueline\/wp-content\/uploads\/2023\/01\/site_Peter-Beard.jpg\" alt=\"\"><\/td><td><a href=\"http:\/\/www.andrewpalin.co.uk\/peterbeard\/index.htm\">Peter Beard<\/a><br>Des objets d\u2019une beaut\u00e9 intemporelle<\/td><td><img loading=\"lazy\" decoding=\"async\" width=\"48\" height=\"47\" class=\"wp-image-752\" style=\"width: 48px;\" src=\"https:\/\/www.rezeau.org\/wp-jacqueline\/wp-content\/uploads\/2023\/01\/2014-03-14_17-21-29.jpg\" alt=\"\"><\/td><td><a href=\"http:\/\/www.halimacassell.com\/\" target=\"_blank\" rel=\"noreferrer noopener\">Halima Cassell<\/a><\/td><\/tr><tr><td><img loading=\"lazy\" decoding=\"async\" width=\"48\" height=\"48\" class=\"wp-image-774\" style=\"width: 48px;\" src=\"https:\/\/www.rezeau.org\/wp-jacqueline\/wp-content\/uploads\/2023\/01\/site_audrey_kimmel.jpg\" alt=\"\"><\/td><td><a href=\"http:\/\/www.audreykimmel.com\/\" target=\"_blank\" rel=\"noreferrer noopener\">Audrey Kimmel<\/a><\/td><td><img loading=\"lazy\" decoding=\"async\" width=\"48\" height=\"48\" class=\"wp-image-946\" style=\"width: 48px;\" src=\"https:\/\/www.rezeau.org\/wp-jacqueline\/wp-content\/uploads\/2023\/01\/site_marik-korus-1.jpg\" alt=\"\"><\/td><td><a href=\"http:\/\/www.marik-korus.com\/index.html\" target=\"_blank\" rel=\"noreferrer noopener\">Marik Korus<\/a><\/td><\/tr><tr><td><img loading=\"lazy\" decoding=\"async\" width=\"48\" height=\"48\" class=\"wp-image-840\" style=\"width: 48px;\" src=\"https:\/\/www.rezeau.org\/wp-jacqueline\/wp-content\/uploads\/2023\/01\/site_Violeta.jpg\" alt=\"\"><\/td><td><a href=\"https:\/\/ptitboutdeterre.fr\/\" data-type=\"URL\" data-id=\"https:\/\/ptitboutdeterre.fr\/\" target=\"_blank\" rel=\"noreferrer noopener\">Atelier p\u2019tit Bout de Terre<\/a><br>Violeta Stepanovic : raku<\/td><td><img loading=\"lazy\" decoding=\"async\" width=\"48\" height=\"48\" class=\"wp-image-753\" style=\"width: 48px;\" src=\"https:\/\/www.rezeau.org\/wp-jacqueline\/wp-content\/uploads\/2023\/01\/Alexandra-Courty.jpg\" alt=\"\"><\/td><td><a href=\"http:\/\/www.courty-ceramique.com\/\" target=\"_blank\" rel=\"noreferrer noopener\">Alexandra Courty<\/a><\/td><\/tr><tr><td><img loading=\"lazy\" decoding=\"async\" width=\"48\" height=\"48\" class=\"wp-image-839\" style=\"width: 48px;\" src=\"https:\/\/www.rezeau.org\/wp-jacqueline\/wp-content\/uploads\/2023\/01\/site_Vanecek.jpg\" alt=\"\"><\/td><td><a href=\"http:\/\/www.vanecek-keramika.cz\/kosite_en.html\" target=\"_blank\" rel=\"noreferrer noopener\">Svatopluk Vanecek<\/a><br>Le sp\u00e9cialiste des sph\u00e8res<\/td><td><img loading=\"lazy\" decoding=\"async\" width=\"48\" height=\"48\" class=\"wp-image-757\" style=\"width: 48px;\" src=\"https:\/\/www.rezeau.org\/wp-jacqueline\/wp-content\/uploads\/2023\/01\/joellegervais.jpg\" alt=\"\"><\/td><td><a href=\"http:\/\/www.joelle-gervais-ceramiste.fr\/\" target=\"_blank\" rel=\"noreferrer noopener\">Joelle gervais<\/a><br>&#8220;la trace fragile d\u2019une pr\u00e9sence \u00e9ph\u00e9m\u00e8re&#8221;<\/td><\/tr><tr><td><img loading=\"lazy\" decoding=\"async\" width=\"48\" height=\"48\" class=\"wp-image-768\" style=\"width: 48px;\" src=\"https:\/\/www.rezeau.org\/wp-jacqueline\/wp-content\/uploads\/2023\/01\/site_annvanhoey.jpg\" alt=\"\"><\/td><td><a href=\"http:\/\/www.annvanhoey-ceramics.be\/\" target=\"_blank\" rel=\"noreferrer noopener\">Ann Van Hoey<\/a><br>C\u00e9ramique fine et \u00e9l\u00e9gante<\/td><td><\/td><td><\/td><\/tr><\/tbody><\/table><\/figure>\n","protected":false},"excerpt":{"rendered":"<p>Amis &amp; artistes Cali RezoUne graphiste inspir\u00e9e M.-P. Deville-ChabrolleJournal d\u2019atelier d\u2019un sculpteur et peintre de grand talent MinaUne petite-fille pleine de talent Les utopies parall\u00e8lesThierry Coquelet, dessinateur ta\u00adlen\u00adtu\u00adeux et plein d\u2019humour Photos de JosephSurtout des macro-photographies Isabelle de BorchgraveDe magnifiques cr\u00e9ations en papier Flore de Montfort-sur-Meu Paulina Okurowska (Instagram)Mosa\u00cfque contemporaine (superbe) Isabelle FlahautSculpteur Pont Scorff&hellip;<\/p>\n","protected":false},"author":1,"featured_media":0,"parent":0,"menu_order":0,"comment_status":"closed","ping_status":"closed","template":"","meta":{"ngg_post_thumbnail":0,"footnotes":""},"categories":[],"tags":[],"class_list":["post-717","page","type-page","status-publish","hentry"],"_links":{"self":[{"href":"https:\/\/www.rezeau.org\/wp-jacqueline\/wp-json\/wp\/v2\/pages\/717","targetHints":{"allow":["GET"]}}],"collection":[{"href":"https:\/\/www.rezeau.org\/wp-jacqueline\/wp-json\/wp\/v2\/pages"}],"about":[{"href":"https:\/\/www.rezeau.org\/wp-jacqueline\/wp-json\/wp\/v2\/types\/page"}],"author":[{"embeddable":true,"href":"https:\/\/www.rezeau.org\/wp-jacqueline\/wp-json\/wp\/v2\/users\/1"}],"replies":[{"embeddable":true,"href":"https:\/\/www.rezeau.org\/wp-jacqueline\/wp-json\/wp\/v2\/comments?post=717"}],"version-history":[{"count":33,"href":"https:\/\/www.rezeau.org\/wp-jacqueline\/wp-json\/wp\/v2\/pages\/717\/revisions"}],"predecessor-version":[{"id":1129,"href":"https:\/\/www.rezeau.org\/wp-jacqueline\/wp-json\/wp\/v2\/pages\/717\/revisions\/1129"}],"wp:attachment":[{"href":"https:\/\/www.rezeau.org\/wp-jacqueline\/wp-json\/wp\/v2\/media?parent=717"}],"wp:term":[{"taxonomy":"category","embeddable":true,"href":"https:\/\/www.rezeau.org\/wp-jacqueline\/wp-json\/wp\/v2\/categories?post=717"},{"taxonomy":"post_tag","embeddable":true,"href":"https:\/\/www.rezeau.org\/wp-jacqueline\/wp-json\/wp\/v2\/tags?post=717"}],"curies":[{"name":"wp","href":"https:\/\/api.w.org\/{rel}","templated":true}]}}